{"id":7448,"date":"2022-04-16T13:19:13","date_gmt":"2022-04-16T10:19:13","guid":{"rendered":"https:\/\/www.allsences.com\/?page_id=7448"},"modified":"2022-04-16T13:21:50","modified_gmt":"2022-04-16T10:21:50","slug":"kargo-ve-teslimat","status":"publish","type":"page","link":"https:\/\/www.allsences.com\/en\/kargo-ve-teslimat\/","title":{"rendered":"Shipping and Delivery"},"content":{"rendered":"<div class=\"wpb-content-wrapper\"><div class=\"vc_row wpb_row vc_row-fluid\"><div class=\"wpb_column vc_column_container vc_col-sm-12\"><div class=\"vc_column-inner\"><div class=\"wpb_wrapper\">\n\t<div class=\"wpb_text_column wpb_content_element\" >\n\t\t<div class=\"wpb_wrapper\">\n\t\t\t<p><strong>Teslimat<\/strong><br \/>\nSipari\u015fleriniz 3-5 i\u015f g\u00fcn\u00fc i\u00e7inde kargoya verilecektir. Baz\u0131 \u00fcr\u00fcnlerde teslimat s\u00fcreleri de\u011fi\u015fiklik g\u00f6sterebilir. \u00dcr\u00fcn detay sayfalar\u0131nda \u00fcr\u00fcnlere ait teslimat s\u00fcrelerini g\u00f6rebilirsiniz.<br \/>\nBeklenen teslimat s\u00fcresinin d\u0131\u015f\u0131na \u00e7\u0131kan gecikmeler kargo firmas\u0131n\u0131n sorumlulu\u011fundad\u0131r.<\/p>\n<p>&nbsp;<\/p>\n<p><strong>Ula\u015fmayan Sipari\u015fler<\/strong><br \/>\nSipari\u015finizin teslim s\u00fcresi 30 g\u00fcn\u00fc a\u015ft\u0131\u011f\u0131 durumlarda, sipari\u015f numaran\u0131z\u0131 ve sipari\u015finizi olu\u015ftururken yazd\u0131\u011f\u0131n\u0131z isim-soyad\u0131 shop@allsences.com adresine iletmenizi rica ederiz.<\/p>\n<p>&nbsp;<\/p>\n<p><strong>G\u00f6nderim \u00dccretleri<\/strong><br \/>\nYurt i\u00e7i g\u00f6nderimleri \u00fccretsiz, uluslararas\u0131 g\u00f6nderim \u00fccretleri ise \u00f6deme esnas\u0131nda otomatik olarak hesaplanmaktad\u0131r. \u00dclke bazl\u0131 kargo \u00fccretleri a\u015fa\u011f\u0131da listelenmi\u015ftir.<\/p>\n<p>&nbsp;<\/p>\n<p><strong>Sipari\u015f Durumu<\/strong><br \/>\nSite \u00fczerinden vermi\u015f oldu\u011funuz t\u00fcm sipari\u015fleri \u00fcyelik giri\u015fi yapt\u0131ktan sonra, hesab\u0131m sayfan\u0131zda bulunan \u201cSipari\u015flerim\u201d b\u00f6l\u00fcm\u00fcnden takip edebilirsiniz. Size g\u00f6nderdi\u011fimiz kargo takip numaras\u0131ndan kargonuzun nerede oldu\u011funu \u00f6\u011frenebilirsiniz. Daha detayl\u0131 bilgi i\u00e7in shop@allsences.com adresine mail g\u00f6nderebilirsiniz.<\/p>\n<p>&nbsp;<\/p>\n<p><strong>G\u00fcmr\u00fck Vergileri<\/strong><br \/>\nTeslimat s\u00fcrelerini ve kargo maliyetlerini g\u00f6r\u00fcnt\u00fclemek i\u00e7in adresinizi do\u011fru girdi\u011finizden emin olun. Uluslararas\u0131 sipari\u015fler i\u00e7in ge\u00e7erli olabilecek herhangi bir g\u00fcmr\u00fck \u00fccreti tamamen m\u00fc\u015fterinin sorumlulu\u011fundad\u0131r.<\/p>\n\n\t\t<\/div>\n\t<\/div>\n<\/div><\/div><\/div><\/div>\n<\/div>","protected":false},"excerpt":{"rendered":"Teslimat Sipari\u015fleriniz 3-5 i\u015f g\u00fcn\u00fc i\u00e7inde kargoya verilecektir. Baz\u0131 \u00fcr\u00fcnlerde teslimat s\u00fcreleri de\u011fi\u015fiklik g\u00f6sterebilir. \u00dcr\u00fcn detay sayfalar\u0131nda \u00fcr\u00fcnlere ait teslimat","protected":false},"author":2,"featured_media":0,"parent":0,"menu_order":0,"comment_status":"closed","ping_status":"closed","template":"","meta":{"_sitemap_exclude":false,"_sitemap_priority":"","_sitemap_frequency":"","footnotes":""},"class_list":["post-7448","page","type-page","status-publish","hentry"],"_links":{"self":[{"href":"https:\/\/www.allsences.com\/en\/wp-json\/wp\/v2\/pages\/7448","targetHints":{"allow":["GET"]}}],"collection":[{"href":"https:\/\/www.allsences.com\/en\/wp-json\/wp\/v2\/pages"}],"about":[{"href":"https:\/\/www.allsences.com\/en\/wp-json\/wp\/v2\/types\/page"}],"author":[{"embeddable":true,"href":"https:\/\/www.allsences.com\/en\/wp-json\/wp\/v2\/users\/2"}],"replies":[{"embeddable":true,"href":"https:\/\/www.allsences.com\/en\/wp-json\/wp\/v2\/comments?post=7448"}],"version-history":[{"count":4,"href":"https:\/\/www.allsences.com\/en\/wp-json\/wp\/v2\/pages\/7448\/revisions"}],"predecessor-version":[{"id":7452,"href":"https:\/\/www.allsences.com\/en\/wp-json\/wp\/v2\/pages\/7448\/revisions\/7452"}],"wp:attachment":[{"href":"https:\/\/www.allsences.com\/en\/wp-json\/wp\/v2\/media?parent=7448"}],"curies":[{"name":"wp","href":"https:\/\/api.w.org\/{rel}","templated":true}]}}