{"id":7460,"date":"2022-04-16T13:34:28","date_gmt":"2022-04-16T10:34:28","guid":{"rendered":"https:\/\/www.allsences.com\/?page_id=7460"},"modified":"2022-05-09T14:45:13","modified_gmt":"2022-05-09T11:45:13","slug":"o%cc%88n-bilgilendirme-formu","status":"publish","type":"page","link":"https:\/\/www.allsences.com\/en\/o%cc%88n-bilgilendirme-formu\/","title":{"rendered":"O\u0308n Bilgilendirme Formu"},"content":{"rendered":"<div class=\"wpb-content-wrapper\"><div class=\"vc_row wpb_row vc_row-fluid\"><div class=\"wpb_column vc_column_container vc_col-sm-12\"><div class=\"vc_column-inner\"><div class=\"wpb_wrapper\">\n\t<div class=\"wpb_text_column wpb_content_element\" >\n\t\t<div class=\"wpb_wrapper\">\n\t\t\t<h3><\/h3>\n<h5><strong>SATICI B\u0130LG\u0130LER\u0130<\/strong><\/h5>\n<p>Sat\u0131c\u0131 \u0130sim\/Unvan\u0131: \u2026\u2026\u2026\u2026&#8230;&#8230;&#8230;&#8230;&#8230;&#8230;&#8230;.\u2026\u2026\u2026.<\/p>\n<p>Sat\u0131c\u0131\u2019n\u0131n A\u00e7\u0131k Adresi: \u2026\u2026\u2026\u2026\u2026\u2026\u2026\u2026\u2026\u2026\u2026\u2026\u2026.<\/p>\n<p>Sat\u0131c\u0131\u2019n\u0131n Telefonu: \u2026\u2026\u2026\u2026\u2026&#8230;&#8230;&#8230;&#8230;&#8230;&#8230;&#8230;\u2026\u2026..<\/p>\n<p>Sat\u0131c\u0131 Mersis No:\u2026\u2026\u2026\u2026\u2026\u2026&#8230;&#8230;&#8230;&#8230;&#8230;&#8230;&#8230;&#8230;\u2026\u2026.<\/p>\n<p>Sat\u0131c\u0131 E-Posta Adresi: \u2026\u2026\u2026\u2026\u2026\u2026\u2026&#8230;&#8230;&#8230;.\u2026\u2026\u2026<\/p>\n<p><strong>\u00a0<\/strong><\/p>\n<h5><strong>H\u0130ZMET SA\u011eLAYICI\u00a0 B\u0130LG\u0130LER\u0130<\/strong><\/h5>\n<p>Hizmet Sa\u011flay\u0131c\u0131 Unvan\u0131:&#8230;&#8230;&#8230;&#8230;&#8230;&#8230;&#8230;&#8230;&#8230;&#8230;&#8230;..<\/p>\n<p>Hizmet Sa\u011flay\u0131c\u0131 Mersis No: \u2026\u2026\u2026\u2026\u2026\u2026&#8230;&#8230;..\u2026<\/p>\n<p>Hizmet Sa\u011flay\u0131c\u0131 Adres:&#8230;&#8230;&#8230;&#8230;&#8230;&#8230;&#8230;&#8230;&#8230;&#8230;&#8230;&#8230;.<\/p>\n<p>\u00c7a\u011fr\u0131 Merkezi: \u2026\u2026\u2026\u2026\u2026&#8230;&#8230;&#8230;&#8230;&#8230;&#8230;&#8230;&#8230;..\u2026\u2026\u2026.<\/p>\n<p><strong>\u00a0<\/strong><\/p>\n<h5><strong>ALICI B\u0130LG\u0130LER\u0130<\/strong><\/h5>\n<p>Al\u0131c\u0131\u2019n\u0131n \u0130sim\/Unvan\u0131: \u2026\u2026\u2026\u2026\u2026&#8230;&#8230;&#8230;&#8230;&#8230;\u2026\u2026.<\/p>\n<p>Al\u0131c\u0131\u2019n\u0131n A\u00e7\u0131k Adresi: \u2026\u2026\u2026\u2026\u2026\u2026\u2026\u2026\u2026\u2026\u2026\u2026&#8230;.<\/p>\n<p>Al\u0131c\u0131\u2019n\u0131n Telefonu: \u2026\u2026\u2026\u2026\u2026\u2026&#8230;&#8230;&#8230;&#8230;&#8230;&#8230;&#8230;\u2026..<\/p>\n<p>Al\u0131c\u0131\u2019n\u0131n E-Posta Adresi: \u2026\u2026\u2026\u2026\u2026\u2026\u2026\u2026\u2026&#8230;.\u2026<\/p>\n<p>Al\u0131c\u0131\u2019n\u0131n \u0130ade Halinde Sat\u0131c\u0131\u2019ya G\u00f6nderim Yapaca\u011f\u0131 Kargo \u015eirketi: \u2026\u2026&#8230;&#8230;&#8230;&#8230;.\u2026\u2026\u2026.<\/p>\n<p><strong>\u00a0<\/strong><\/p>\n<p>\u0130\u015fbu \u00d6n Bilgilendirme Formu kapsam\u0131nda Al\u0131c\u0131\u2019ya sipari\u015finin detaylar\u0131 hakk\u0131nda bilgilendirme yap\u0131lmakta olup, Al\u0131c\u0131\u2019n\u0131n mal veya hizmetin elektronik olarak sat\u0131n al\u0131nmas\u0131na ili\u015fkin olarak Mesafeli S\u00f6zle\u015fmeler Y\u00f6netmeli\u011fi gere\u011fince mesafeli sat\u0131\u015f s\u00f6zle\u015fmesini onaylamas\u0131 gerekmektedir. Al\u0131c\u0131, \u00d6n Bilgilendirme Formu ve Mesafeli Sat\u0131\u015f S\u00f6zle\u015fmesi\u2019ne ili\u015fkin bilgileri \u2026\u2026\u2026\u2026\u2026\u2026\u2026&#8230;.\u2026\u2026. yer alan \u2026\u2026\u2026&#8230;&#8230;..\u2026\u2026\u2026\u2026. sayfas\u0131ndan takip edebilecektir. Bununla beraber Al\u0131c\u0131\u2019n\u0131n sipari\u015f ve \u00f6deme ad\u0131mlar\u0131 tamamland\u0131ktan sonra Al\u0131c\u0131 sipari\u015fe ait detaylar\u0131n\u0131 de\u011fi\u015ftiremez. \u00d6n Bilgilendirme Formu ve Mesafeli Sat\u0131\u015f S\u00f6zle\u015fmesi Hizmet Sa\u011flay\u0131c\u0131 taraf\u0131ndan mevzuatta \u00f6ng\u00f6r\u00fclen s\u00fcre boyunca kay\u0131t alt\u0131na al\u0131nmakta olup, Al\u0131c\u0131 bu s\u00fcre boyunca, diledi\u011fi zaman \u2026\u2026\u2026\u2026\u2026\u2026\u2026..\u2026.. sayfas\u0131ndan metinlere ula\u015fabilecektir.<\/p>\n<p>Hizmet Sa\u011flay\u0131c\u0131 taraf\u0131ndan Al\u0131c\u0131\u2019n\u0131n taraf oldu\u011fu \u00dcyelik S\u00f6zle\u015fmesi\u2019nde belirtilen gizlilik kurallar\u0131 uygulanmaktad\u0131r.<\/p>\n<p><strong>\u00a0<\/strong><\/p>\n<p><strong>\u00d6deme \u015eartlar\u0131:<\/strong><\/p>\n<p>Kargo hari\u00e7 toplam hizmet bedeli: \u2026\u2026&#8230;\u2026\u2026\u2026.<\/p>\n<p>Kargo \u00dccreti: \u2026\u2026&#8230;&#8230;&#8230;&#8230;&#8230;&#8230;&#8230;&#8230;&#8230;&#8230;&#8230;.\u2026\u2026\u2026\u2026<\/p>\n<p>Kargo Dahil Toplam Bedeli: \u2026\u2026\u2026\u2026\u2026\u2026&#8230;&#8230;.\u2026<\/p>\n<p>\u00d6deme \u015eekli ve Plan\u0131: \u2026\u2026\u2026\u2026\u2026\u2026\u2026\u2026\u2026&#8230;&#8230;..\u2026<\/p>\n<p>Al\u0131nan Vade Fark\u0131: \u2026\u2026\u2026\u2026\u2026\u2026\u2026&#8230;&#8230;&#8230;&#8230;&#8230;&#8230;&#8230;.<\/p>\n<p>Vade Fark\u0131 hesab\u0131nda kullan\u0131lan faiz oran\u0131:\u2026\u2026\u2026\u2026\u2026\u2026\u2026\u2026.<\/p>\n<p>Teslim \u015eartlar\u0131 \u00fcr\u00fcn sayfas\u0131nda belirtildi\u011fi \u015fekilde uygulanacakt\u0131r.<\/p>\n<p><strong>\u00a0<\/strong><\/p>\n<p><strong>Teslimat \u015eartlar\u0131:<\/strong><\/p>\n<p>\u2026\u2026\u2026\u2026\u2026\u2026\u2026\u2026\u2026..\u2019in hizmetinin sa\u011flanmas\u0131 Al\u0131c\u0131 taraf\u0131ndan mal veya hizmetin sipari\u015f edilmesini takiben 3 i\u015f g\u00fcn\u00fc i\u00e7inde ba\u015flanacakt\u0131r.<\/p>\n<p>S\u00d6Z KONUSU H\u0130ZMET BEDEL\u0130, \u00d6DEME KORUMA S\u0130STEM\u0130 KAPSAMINDA SATICI ADINA, H\u0130ZMET SA\u011eLAYICI TARAFINDAN ALICI\u2019DAN TAHS\u0130L ED\u0130LMEKTED\u0130R. ALICI MALIN\/H\u0130ZMET\u0130N BEDEL\u0130N\u0130 H\u0130ZMET SA\u011eLAYICI\u2019YA \u00d6DEMEKLE, \u00dcR\u00dcN BEDEL\u0130N\u0130 SATICI\u2019YA \u00d6DEM\u0130\u015e SAYILACAKTIR.<\/p>\n<p><strong>\u00a0<\/strong><\/p>\n<h5><strong>CAYMA HAKKI<\/strong><\/h5>\n<p>Al\u0131c\u0131, hi\u00e7bir hukuki ve cezai sorumluluk \u00fcstlenmeksizin ve hi\u00e7bir gerek\u00e7e g\u00f6stermeksizin, mal\/hizmet sat\u0131\u015f\u0131na ili\u015fkin i\u015flemlerde teslimat tarihinden itibaren, hizmet sat\u0131\u015f\u0131na ili\u015fkin i\u015flemlerde sat\u0131n alma tarihinden itibaren 14 (on d\u00f6rt) g\u00fcn i\u00e7erisinde cayma hakk\u0131n\u0131 kullanabilir. Al\u0131c\u0131, mal\u0131n\/hizmetin teslimine kadar olan s\u00fcre i\u00e7inde de cayma hakk\u0131n\u0131 kullanabilir.<\/p>\n<p>Al\u0131c\u0131, cayma hakk\u0131n\u0131 \u2026\u2026\u2026\u2026\u2026\u2026\u2026\u2026 yer alan \u2026&#8230;.\u2026\u2026 \u00fczerinden \u201c\u2026&#8230;&#8230;.\u2026.\u201d\u00a0 ba\u011flant\u0131s\u0131na t\u0131klayarak kullanabilir. Al\u0131c\u0131\u2019n\u0131n ilgili sayfada yer alan iade talep formunu doldurup sat\u0131c\u0131n\u0131n iade adres bilgilerini alarak, cayma hakk\u0131n\u0131 kulland\u0131\u011f\u0131 tarihten itibaren 10 (on) g\u00fcn i\u00e7inde mal\u0131 geri g\u00f6ndermesi\/hizmet al\u0131m\u0131n\u0131 durdurma iste\u011fini bildirmesi gerekmektedir. Mal ile beraber faturas\u0131n\u0131n, mal\u0131n kutusunun, ambalaj\u0131n\u0131n, varsa standart aksesuarlar\u0131, mal ile birlikte hediye edilen di\u011fer \u00fcr\u00fcnlerin de eksiksiz ve hasars\u0131z olarak iade edilmesi gerekmektedir. Al\u0131c\u0131, cayma s\u00fcresi i\u00e7inde mal\u0131, i\u015fleyi\u015fine, teknik \u00f6zelliklerine ve kullan\u0131m talimatlar\u0131na uygun bir \u015fekilde kullanmal\u0131d\u0131r.<\/p>\n<p>Al\u0131c\u0131 iade edece\u011fi mal\u0131 Sat\u0131c\u0131\u2019ya \u00d6n Bilgilendirme Formu\u2019nda belirtilen Sat\u0131c\u0131\u2019n\u0131n iade i\u00e7in \u00f6ng\u00f6rd\u00fc\u011f\u00fc anla\u015fmal\u0131 kargo \u015firketi ile g\u00f6nderdi\u011fi s\u00fcrece, iade kargo bedeli Sat\u0131c\u0131\u2019ya aittir. Al\u0131c\u0131\u2019n\u0131n iade edece\u011fi mal\u0131 \u00d6n Bilgilendirme Formu\u2019nda belirtilen Sat\u0131c\u0131\u2019n\u0131n anla\u015fmal\u0131 kargo \u015firketi d\u0131\u015f\u0131nda bir kargo \u015firketi ile g\u00f6ndermesi halinde, iade kargo bedeli ve mal\u0131n kargo s\u00fcrecinde u\u011frayaca\u011f\u0131 hasardan Sat\u0131c\u0131 sorumlu de\u011fildir.<\/p>\n<p>Al\u0131c\u0131\u2019n\u0131n cayma hakk\u0131n\u0131 kullanmas\u0131ndan itibaren 14 (on d\u00f6rt) g\u00fcn i\u00e7erisinde (mal\u0131n\/hizmetin durdurulma talebinin Sat\u0131c\u0131\u2019n\u0131n iade i\u00e7in belirtti\u011fi ta\u015f\u0131y\u0131c\u0131 arac\u0131l\u0131\u011f\u0131yla geri g\u00f6nderilmesi kayd\u0131yla), Al\u0131c\u0131\u2019n\u0131n ilgili mal veya hizmete ili\u015fkin Sat\u0131c\u0131 veya Hizmet Sa\u011flay\u0131c\u0131\u2019ya yapt\u0131\u011f\u0131 t\u00fcm \u00f6demeler Al\u0131c\u0131\u2019ya sat\u0131n al\u0131rken kulland\u0131\u011f\u0131 \u00f6deme arac\u0131na uygun bir \u015fekilde ve t\u00fcketiciye herhangi bir masraf veya y\u00fck\u00fcml\u00fcl\u00fck getirmeden ve tek seferde iade edilecektir. Kredi kullan\u0131larak yap\u0131lan al\u0131\u015fveri\u015flerde, cayma hakk\u0131n\u0131n usul\u00fcne uygun kullan\u0131ld\u0131\u011f\u0131 durumlarda \u00fcr\u00fcn bedeli kredi ile ili\u015fkili hesaba iade edilecektir.<\/p>\n<p>Mal\u0131n iade al\u0131namamas\u0131\/hizmetin durdurulmamas\u0131 i\u00e7in hakl\u0131 sebeplerin varl\u0131\u011f\u0131 halinde Sat\u0131c\u0131, s\u00f6zle\u015fmedeki ifa s\u00fcresi dolmadan Al\u0131c\u0131\u2019ya e\u015fit kalite ve fiyatta mal\/hizmet tedarik edebilir. Sat\u0131c\u0131 mal\/hizmetin ifas\u0131n\u0131n imk\u00e2ns\u0131zla\u015ft\u0131\u011f\u0131n\u0131 d\u00fc\u015f\u00fcn\u00fcyorsa, bu durumu \u00f6\u011frendi\u011fi tarihten itibaren 3 (\u00fc\u00e7) g\u00fcn i\u00e7inde Al\u0131c\u0131\u2019ya bildirir. Bu durumda Sat\u0131c\u0131, \u00f6denen bedeli ve varsa belgeleri 14 (ond\u00f6rt) g\u00fcn i\u00e7inde Al\u0131c\u0131\u2019ya iade eder. Al\u0131c\u0131 iade edece\u011fi mal\/hizmeti \u00f6n bilgilendirme formunda belirtilen Sat\u0131c\u0131\u2019n\u0131n anla\u015fmal\u0131 kargo \u015firketi ile Sat\u0131c\u0131\u2019ya g\u00f6nderdi\u011fi s\u00fcrece, iade kargo bedeli Sat\u0131c\u0131\u2019ya aittir. Al\u0131c\u0131\u2019n\u0131n iade edece\u011fi mal\u0131 \u00f6n bilgilendirme formunda belirtilen Sat\u0131c\u0131\u2019n\u0131n iade i\u00e7in \u00f6ng\u00f6rd\u00fc\u011f\u00fc anla\u015fmal\u0131 kargo \u015firketi d\u0131\u015f\u0131nda bir kargo \u015firketi ile g\u00f6ndermesi halinde, iade kargo bedeli ve mal\u0131n kargo s\u00fcrecinde u\u011frayaca\u011f\u0131 hasardan Sat\u0131c\u0131 sorumlu de\u011fildir.<\/p>\n<h5><strong>CAYMA HAKKININ KULLANILAMAYACA\u011eI HALLER<\/strong><\/h5>\n<p>Mevzuat uyar\u0131nca Al\u0131c\u0131 a\u015fa\u011f\u0131daki hallerde cayma hakk\u0131n\u0131 kullanamaz:<\/p>\n<ul>\n<li>Fiyat\u0131 finansal piyasalardaki dalgalanmalara ba\u011fl\u0131 olarak de\u011fi\u015fen ve Sat\u0131c\u0131\u2019n\u0131n kontrol\u00fcnde olmayan mal veya hizmetlere ili\u015fkin s\u00f6zle\u015fmelerde (\u00f6rn. ziynet, alt\u0131n ve g\u00fcm\u00fc\u015f kategorisindeki \u00fcr\u00fcnler);<\/li>\n<li>Al\u0131c\u0131\u2019n\u0131n istekleri veya a\u00e7\u0131k\u00e7a onun ki\u015fisel ihtiya\u00e7lar\u0131 do\u011frultusunda haz\u0131rlanan, niteli\u011fi itibariyle geri g\u00f6nderilmeye elveri\u015fli olmayan ve \u00e7abuk bozulma tehlikesi olan veya son kullanma tarihi ge\u00e7me ihtimali olan mallar\u0131n teslimine ili\u015fkin s\u00f6zle\u015fmelerde;<\/li>\n<li>Tesliminden sonra ambalaj, bant, m\u00fch\u00fcr, paket gibi koruyucu unsurlar\u0131 a\u00e7\u0131lm\u0131\u015f olan mallardan; iadesi sa\u011fl\u0131k ve hijyen a\u00e7\u0131s\u0131ndan uygun olmayanlar\u0131n teslimine ili\u015fkin s\u00f6zle\u015fmelerde;<\/li>\n<li>Tesliminden sonra ba\u015fka \u00fcr\u00fcnlerle kar\u0131\u015fan ve do\u011fas\u0131 gere\u011fi ayr\u0131\u015ft\u0131r\u0131lmas\u0131 m\u00fcmk\u00fcn olmayan mallara ili\u015fkin s\u00f6zle\u015fmelerde;<\/li>\n<li>Al\u0131c\u0131 taraf\u0131ndan ambalaj, bant, m\u00fch\u00fcr, paket gibi koruyucu unsurlar\u0131 a\u00e7\u0131lm\u0131\u015f olmas\u0131 \u015fart\u0131yla maddi ortamda sunulan kitap, ses veya g\u00f6r\u00fcnt\u00fc kay\u0131tlar\u0131na, yaz\u0131l\u0131m programlar\u0131na ve bilgisayar sarf malzemelerine ili\u015fkin s\u00f6zle\u015fmelerde;<\/li>\n<li>Abonelik s\u00f6zle\u015fmesi kapsam\u0131nda sa\u011flananlar d\u0131\u015f\u0131nda gazete, dergi gibi s\u00fcreli yay\u0131nlar\u0131n teslimine ili\u015fkin s\u00f6zle\u015fmelerde;<\/li>\n<li>Belirli bir tarihte veya d\u00f6nemde yap\u0131lmas\u0131 gereken, konaklama, e\u015fya ta\u015f\u0131ma, araba kiralama, yiyecek-i\u00e7ecek tedariki ve e\u011flence veya dinlenme amac\u0131yla yap\u0131lan bo\u015f zaman\u0131n de\u011ferlendirilmesine ili\u015fkin s\u00f6zle\u015fmelerde;<\/li>\n<li>Bahis ve piyangoya ili\u015fkin hizmetlerin ifas\u0131na ili\u015fkin s\u00f6zle\u015fmelerde;<\/li>\n<li>Cayma hakk\u0131 s\u00fcresi sona ermeden \u00f6nce, t\u00fcketicinin onay\u0131 ile ifas\u0131na ba\u015flanan hizmetlere ili\u015fkin s\u00f6zle\u015fmelerde; ve<\/li>\n<li>Elektronik ortamda an\u0131nda ifa edilen hizmetler ile t\u00fcketiciye an\u0131nda teslim edilen gayri maddi mallara ili\u015fkin s\u00f6zle\u015fmelerde (hediye kart\u0131, hediye \u00e7eki, para yerine ge\u00e7en kupon ve benzeri).<\/li>\n<\/ul>\n<p>&nbsp;<\/p>\n<p>Mesafeli S\u00f6zle\u015fmeler Y\u00f6netmeli\u011fi\u2019nin kapsam\u0131 d\u0131\u015f\u0131nda b\u0131rak\u0131lm\u0131\u015f olan mal veya hizmetler (Sat\u0131c\u0131\u2019n\u0131n d\u00fczenli teslimatlar\u0131 ile Al\u0131c\u0131\u2019n\u0131n meskenine teslim edilen g\u0131da maddelerinin, i\u00e7eceklerin ya da di\u011fer g\u00fcnl\u00fck t\u00fcketim maddeleri ile seyahat, konaklama, lokantac\u0131l\u0131k, e\u011flence sekt\u00f6r\u00fc gibi alanlarda hizmetler) bak\u0131m\u0131ndan cayma hakk\u0131 kullan\u0131lamayacakt\u0131r.<\/p>\n<p>Tatil kategorisinde sat\u0131\u015fa sunulan bu t\u00fcr mal ve hizmetlerin iptal ve iade \u015fartlar\u0131 her Sat\u0131c\u0131\u2019n\u0131n uygulama ve kurallar\u0131na tabidir.<\/p>\n<h5><strong>UYU\u015eMAZLIKLARIN \u00c7\u00d6Z\u00dcM\u00dc<\/strong><\/h5>\n<p>6502 say\u0131l\u0131 T\u00fcketicinin Korunmas\u0131 Hakk\u0131nda Kanun ve Mesafeli S\u00f6zle\u015fmeler Y\u00f6netmeli\u011fi kapsam\u0131nda sat\u0131lan mal veya hizmete ili\u015fkin sorumluluk bizzat Sat\u0131c\u0131\u2019ya aittir. Bununla birlikte Al\u0131c\u0131lar, sat\u0131n ald\u0131klar\u0131 mal ve hizmetlerle ilgili \u015fik\u00e2yetlerini Sat\u0131c\u0131lar\u2019a do\u011frudan veya Hizmet Sa\u011flay\u0131c\u0131 \u00fczerinden iletebilirler. \u015eik\u00e2yetin Hizmet Sa\u011flay\u0131c\u0131\u2019ya iletilmesi halinde Hizmet Sa\u011flay\u0131c\u0131 sorunun \u00e7\u00f6z\u00fclmesi i\u00e7in m\u00fcmk\u00fcn olan t\u00fcm deste\u011fi sa\u011flayacakt\u0131r.<\/p>\n<p>\u0130\u015f bu S\u00f6zle\u015fme ile ilgili \u00e7\u0131kacak ihtilaflarda; T\u00fcrk Hukuku ge\u00e7erli olup \u0130stanbul (Merkez) Mahkemeleri ve icra m\u00fcd\u00fcrl\u00fckleri yetkilidir.<\/p>\n\n\t\t<\/div>\n\t<\/div>\n<\/div><\/div><\/div><\/div>\n<\/div>","protected":false},"excerpt":{"rendered":"SATICI B\u0130LG\u0130LER\u0130 Sat\u0131c\u0131 \u0130sim\/Unvan\u0131: \u2026\u2026\u2026\u2026......................\u2026\u2026\u2026. Sat\u0131c\u0131\u2019n\u0131n A\u00e7\u0131k Adresi: \u2026\u2026\u2026\u2026\u2026\u2026\u2026\u2026\u2026\u2026\u2026\u2026\u2026. Sat\u0131c\u0131\u2019n\u0131n Telefonu: \u2026\u2026\u2026\u2026\u2026.....................\u2026\u2026.. Sat\u0131c\u0131 Mersis No:\u2026\u2026\u2026\u2026\u2026\u2026........................\u2026\u2026. Sat\u0131c\u0131 E-Posta Adresi: \u2026\u2026\u2026\u2026\u2026\u2026\u2026..........\u2026\u2026\u2026 \u00a0","protected":false},"author":2,"featured_media":0,"parent":0,"menu_order":0,"comment_status":"closed","ping_status":"closed","template":"","meta":{"_sitemap_exclude":false,"_sitemap_priority":"","_sitemap_frequency":"","footnotes":""},"class_list":["post-7460","page","type-page","status-publish","hentry"],"_links":{"self":[{"href":"https:\/\/www.allsences.com\/en\/wp-json\/wp\/v2\/pages\/7460","targetHints":{"allow":["GET"]}}],"collection":[{"href":"https:\/\/www.allsences.com\/en\/wp-json\/wp\/v2\/pages"}],"about":[{"href":"https:\/\/www.allsences.com\/en\/wp-json\/wp\/v2\/types\/page"}],"author":[{"embeddable":true,"href":"https:\/\/www.allsences.com\/en\/wp-json\/wp\/v2\/users\/2"}],"replies":[{"embeddable":true,"href":"https:\/\/www.allsences.com\/en\/wp-json\/wp\/v2\/comments?post=7460"}],"version-history":[{"count":2,"href":"https:\/\/www.allsences.com\/en\/wp-json\/wp\/v2\/pages\/7460\/revisions"}],"predecessor-version":[{"id":7462,"href":"https:\/\/www.allsences.com\/en\/wp-json\/wp\/v2\/pages\/7460\/revisions\/7462"}],"wp:attachment":[{"href":"https:\/\/www.allsences.com\/en\/wp-json\/wp\/v2\/media?parent=7460"}],"curies":[{"name":"wp","href":"https:\/\/api.w.org\/{rel}","templated":true}]}}