{"id":10522,"date":"2024-11-05T11:09:38","date_gmt":"2024-11-05T08:09:38","guid":{"rendered":"https:\/\/www.allsences.com\/?post_type=product&#038;p=10522"},"modified":"2024-11-10T15:18:03","modified_gmt":"2024-11-10T12:18:03","slug":"allsences-della-black-pants-2","status":"publish","type":"product","link":"https:\/\/www.allsences.com\/en\/product\/allsences-della-black-pants-2\/","title":{"rendered":"Allsences Della Black Pants"},"content":{"rendered":"","protected":false},"excerpt":{"rendered":"<p>\u0130\u015f hayat\u0131nda, \u00f6zel davetlerde veya g\u00fcnl\u00fck hayatta farkl\u0131 tarzlarla birle\u015ftirilebilir.<br \/>\n\u00d6nden tek d\u00fc\u011fme detayl\u0131 yandan iki cepli pantolon.<\/p>\n<p>%100 Pes<br \/>\nModel Boy: 1.75 Beden: 36<\/p>","protected":false},"featured_media":10525,"template":"","meta":{"_sitemap_exclude":false,"_sitemap_priority":"","_sitemap_frequency":""},"product_brand":[],"product_cat":[85],"product_tag":[],"class_list":{"0":"post-10522","1":"product","2":"type-product","3":"status-publish","4":"has-post-thumbnail","6":"product_cat-long-way","8":"first","9":"instock","10":"shipping-taxable","11":"purchasable","12":"product-type-variable"},"_links":{"self":[{"href":"https:\/\/www.allsences.com\/en\/wp-json\/wp\/v2\/product\/10522","targetHints":{"allow":["GET"]}}],"collection":[{"href":"https:\/\/www.allsences.com\/en\/wp-json\/wp\/v2\/product"}],"about":[{"href":"https:\/\/www.allsences.com\/en\/wp-json\/wp\/v2\/types\/product"}],"wp:featuredmedia":[{"embeddable":true,"href":"https:\/\/www.allsences.com\/en\/wp-json\/wp\/v2\/media\/10525"}],"wp:attachment":[{"href":"https:\/\/www.allsences.com\/en\/wp-json\/wp\/v2\/media?parent=10522"}],"wp:term":[{"taxonomy":"product_brand","embeddable":true,"href":"https:\/\/www.allsences.com\/en\/wp-json\/wp\/v2\/product_brand?post=10522"},{"taxonomy":"product_cat","embeddable":true,"href":"https:\/\/www.allsences.com\/en\/wp-json\/wp\/v2\/product_cat?post=10522"},{"taxonomy":"product_tag","embeddable":true,"href":"https:\/\/www.allsences.com\/en\/wp-json\/wp\/v2\/product_tag?post=10522"}],"curies":[{"name":"wp","href":"https:\/\/api.w.org\/{rel}","templated":true}]}}