{"id":10605,"date":"2024-11-05T12:10:08","date_gmt":"2024-11-05T09:10:08","guid":{"rendered":"https:\/\/www.allsences.com\/?post_type=product&#038;p=10605"},"modified":"2025-04-08T11:59:17","modified_gmt":"2025-04-08T08:59:17","slug":"allsences-shay-black-dress","status":"publish","type":"product","link":"https:\/\/www.allsences.com\/en\/product\/allsences-shay-black-dress\/","title":{"rendered":"Allsences Shay Black Dress"},"content":{"rendered":"","protected":false},"excerpt":{"rendered":"<p>Hem klasik hem de modern tarzlara uyum sa\u011flayabilirsiniz.<br \/>\n\u00d6nden \u00e7\u0131t\u00e7\u0131tl\u0131 d\u00fc\u011fme detay\u0131 i\u00e7i kuma\u015f elbise.<\/p>\n<p>%100 Cotton &#8211; Kaplamal\u0131 Kanvas<br \/>\nModel Boy: 1.75 Beden: 36<\/p>","protected":false},"featured_media":10608,"template":"","meta":{"_sitemap_exclude":false,"_sitemap_priority":"","_sitemap_frequency":""},"product_brand":[],"product_cat":[85,83],"product_tag":[],"class_list":{"0":"post-10605","1":"product","2":"type-product","3":"status-publish","4":"has-post-thumbnail","6":"product_cat-long-way","7":"product_cat-outlet","9":"first","10":"instock","11":"sale","12":"shipping-taxable","13":"purchasable","14":"product-type-variable"},"_links":{"self":[{"href":"https:\/\/www.allsences.com\/en\/wp-json\/wp\/v2\/product\/10605","targetHints":{"allow":["GET"]}}],"collection":[{"href":"https:\/\/www.allsences.com\/en\/wp-json\/wp\/v2\/product"}],"about":[{"href":"https:\/\/www.allsences.com\/en\/wp-json\/wp\/v2\/types\/product"}],"wp:featuredmedia":[{"embeddable":true,"href":"https:\/\/www.allsences.com\/en\/wp-json\/wp\/v2\/media\/10608"}],"wp:attachment":[{"href":"https:\/\/www.allsences.com\/en\/wp-json\/wp\/v2\/media?parent=10605"}],"wp:term":[{"taxonomy":"product_brand","embeddable":true,"href":"https:\/\/www.allsences.com\/en\/wp-json\/wp\/v2\/product_brand?post=10605"},{"taxonomy":"product_cat","embeddable":true,"href":"https:\/\/www.allsences.com\/en\/wp-json\/wp\/v2\/product_cat?post=10605"},{"taxonomy":"product_tag","embeddable":true,"href":"https:\/\/www.allsences.com\/en\/wp-json\/wp\/v2\/product_tag?post=10605"}],"curies":[{"name":"wp","href":"https:\/\/api.w.org\/{rel}","templated":true}]}}