{"id":10635,"date":"2024-11-05T12:24:44","date_gmt":"2024-11-05T09:24:44","guid":{"rendered":"https:\/\/www.allsences.com\/?post_type=product&#038;p=10635"},"modified":"2024-11-10T15:31:30","modified_gmt":"2024-11-10T12:31:30","slug":"allsences-biana-leopard-dress","status":"publish","type":"product","link":"https:\/\/www.allsences.com\/en\/product\/allsences-biana-leopard-dress\/","title":{"rendered":"Allsences Biana Leopard Dress"},"content":{"rendered":"","protected":false},"excerpt":{"rendered":"<p>Hem \u015f\u0131k hem de zarif bir g\u00f6r\u00fcn\u00fcm elde etmek isteyen kad\u0131nlar i\u00e7in idealdir.<br \/>\nPolyester astarl\u0131 elbise.<\/p>\n<p>%100 Cotton<br \/>\nModel Boy: 1.75 Beden: 36<\/p>","protected":false},"featured_media":10639,"template":"","meta":{"_sitemap_exclude":false,"_sitemap_priority":"","_sitemap_frequency":""},"product_brand":[],"product_cat":[85],"product_tag":[],"class_list":{"0":"post-10635","1":"product","2":"type-product","3":"status-publish","4":"has-post-thumbnail","6":"product_cat-long-way","8":"first","9":"instock","10":"shipping-taxable","11":"purchasable","12":"product-type-variable"},"_links":{"self":[{"href":"https:\/\/www.allsences.com\/en\/wp-json\/wp\/v2\/product\/10635","targetHints":{"allow":["GET"]}}],"collection":[{"href":"https:\/\/www.allsences.com\/en\/wp-json\/wp\/v2\/product"}],"about":[{"href":"https:\/\/www.allsences.com\/en\/wp-json\/wp\/v2\/types\/product"}],"wp:featuredmedia":[{"embeddable":true,"href":"https:\/\/www.allsences.com\/en\/wp-json\/wp\/v2\/media\/10639"}],"wp:attachment":[{"href":"https:\/\/www.allsences.com\/en\/wp-json\/wp\/v2\/media?parent=10635"}],"wp:term":[{"taxonomy":"product_brand","embeddable":true,"href":"https:\/\/www.allsences.com\/en\/wp-json\/wp\/v2\/product_brand?post=10635"},{"taxonomy":"product_cat","embeddable":true,"href":"https:\/\/www.allsences.com\/en\/wp-json\/wp\/v2\/product_cat?post=10635"},{"taxonomy":"product_tag","embeddable":true,"href":"https:\/\/www.allsences.com\/en\/wp-json\/wp\/v2\/product_tag?post=10635"}],"curies":[{"name":"wp","href":"https:\/\/api.w.org\/{rel}","templated":true}]}}