{"id":10661,"date":"2024-11-05T12:34:46","date_gmt":"2024-11-05T09:34:46","guid":{"rendered":"https:\/\/www.allsences.com\/?post_type=product&#038;p=10661"},"modified":"2025-10-03T22:15:20","modified_gmt":"2025-10-03T19:15:20","slug":"allsences-kelly-gray-jacket","status":"publish","type":"product","link":"https:\/\/www.allsences.com\/en\/product\/allsences-kelly-gray-jacket\/","title":{"rendered":"Allsences Kelly Gray Jacket"},"content":{"rendered":"","protected":false},"excerpt":{"rendered":"<p>Ki\u015fisel stilinize uygun bir ceket se\u00e7mek, tarz\u0131n\u0131z\u0131 yans\u0131tman\u0131z\u0131 sa\u011flar.<br \/>\n\u00d6nden d\u00fc\u011fmeli \u00fcstten sa\u011f ve sol cep detayl\u0131 ceket.<\/p>\n<p>%100 Cotton<br \/>\nModel Boy: 1.75 Beden: 36<\/p>","protected":false},"featured_media":10670,"template":"","meta":{"_sitemap_exclude":false,"_sitemap_priority":"","_sitemap_frequency":""},"product_brand":[],"product_cat":[85],"product_tag":[],"class_list":{"0":"post-10661","1":"product","2":"type-product","3":"status-publish","4":"has-post-thumbnail","6":"product_cat-long-way","8":"first","9":"instock","10":"shipping-taxable","11":"purchasable","12":"product-type-variable"},"_links":{"self":[{"href":"https:\/\/www.allsences.com\/en\/wp-json\/wp\/v2\/product\/10661","targetHints":{"allow":["GET"]}}],"collection":[{"href":"https:\/\/www.allsences.com\/en\/wp-json\/wp\/v2\/product"}],"about":[{"href":"https:\/\/www.allsences.com\/en\/wp-json\/wp\/v2\/types\/product"}],"wp:featuredmedia":[{"embeddable":true,"href":"https:\/\/www.allsences.com\/en\/wp-json\/wp\/v2\/media\/10670"}],"wp:attachment":[{"href":"https:\/\/www.allsences.com\/en\/wp-json\/wp\/v2\/media?parent=10661"}],"wp:term":[{"taxonomy":"product_brand","embeddable":true,"href":"https:\/\/www.allsences.com\/en\/wp-json\/wp\/v2\/product_brand?post=10661"},{"taxonomy":"product_cat","embeddable":true,"href":"https:\/\/www.allsences.com\/en\/wp-json\/wp\/v2\/product_cat?post=10661"},{"taxonomy":"product_tag","embeddable":true,"href":"https:\/\/www.allsences.com\/en\/wp-json\/wp\/v2\/product_tag?post=10661"}],"curies":[{"name":"wp","href":"https:\/\/api.w.org\/{rel}","templated":true}]}}