{"id":10671,"date":"2024-11-05T12:40:21","date_gmt":"2024-11-05T09:40:21","guid":{"rendered":"https:\/\/www.allsences.com\/?post_type=product&#038;p=10671"},"modified":"2025-04-08T11:59:00","modified_gmt":"2025-04-08T08:59:00","slug":"allsences-elena-gray-skirt","status":"publish","type":"product","link":"https:\/\/www.allsences.com\/en\/product\/allsences-elena-gray-skirt\/","title":{"rendered":"Allsences Elena Gray Skirt"},"content":{"rendered":"","protected":false},"excerpt":{"rendered":"<p>\u00d6zel g\u00fcnler i\u00e7in tercih edilen, \u015f\u0131k ve zarif bir se\u00e7enektir.<br \/>\n\u0130ki yandan cep kapa\u011f\u0131 detayl\u0131 etek.<\/p>\n<p>%100 Cotton<br \/>\nModel Boy: 1.75 Beden: 36<\/p>","protected":false},"featured_media":10685,"template":"","meta":{"_sitemap_exclude":false,"_sitemap_priority":"","_sitemap_frequency":""},"product_brand":[],"product_cat":[85,83],"product_tag":[],"class_list":{"0":"post-10671","1":"product","2":"type-product","3":"status-publish","4":"has-post-thumbnail","6":"product_cat-long-way","7":"product_cat-outlet","9":"first","10":"instock","11":"sale","12":"shipping-taxable","13":"purchasable","14":"product-type-variable"},"_links":{"self":[{"href":"https:\/\/www.allsences.com\/en\/wp-json\/wp\/v2\/product\/10671","targetHints":{"allow":["GET"]}}],"collection":[{"href":"https:\/\/www.allsences.com\/en\/wp-json\/wp\/v2\/product"}],"about":[{"href":"https:\/\/www.allsences.com\/en\/wp-json\/wp\/v2\/types\/product"}],"wp:featuredmedia":[{"embeddable":true,"href":"https:\/\/www.allsences.com\/en\/wp-json\/wp\/v2\/media\/10685"}],"wp:attachment":[{"href":"https:\/\/www.allsences.com\/en\/wp-json\/wp\/v2\/media?parent=10671"}],"wp:term":[{"taxonomy":"product_brand","embeddable":true,"href":"https:\/\/www.allsences.com\/en\/wp-json\/wp\/v2\/product_brand?post=10671"},{"taxonomy":"product_cat","embeddable":true,"href":"https:\/\/www.allsences.com\/en\/wp-json\/wp\/v2\/product_cat?post=10671"},{"taxonomy":"product_tag","embeddable":true,"href":"https:\/\/www.allsences.com\/en\/wp-json\/wp\/v2\/product_tag?post=10671"}],"curies":[{"name":"wp","href":"https:\/\/api.w.org\/{rel}","templated":true}]}}