{"id":10686,"date":"2024-11-05T13:05:59","date_gmt":"2024-11-05T10:05:59","guid":{"rendered":"https:\/\/www.allsences.com\/?post_type=product&#038;p=10686"},"modified":"2025-10-03T22:04:08","modified_gmt":"2025-10-03T19:04:08","slug":"allsences-perla-leather-jacket","status":"publish","type":"product","link":"https:\/\/www.allsences.com\/en\/product\/allsences-perla-leather-jacket\/","title":{"rendered":"Allsences Perla Leather Jacket"},"content":{"rendered":"","protected":false},"excerpt":{"rendered":"<p>K\u0131yafetlere \u015f\u0131k ve modern bir hava katarken, ayn\u0131 zamanda zamans\u0131z bir stil sunar.<br \/>\n\u0130ki yandan ba\u011flanmal\u0131 asimetrik deri ceket.<\/p>\n<p>%100 Pes \u2013 Suni Deri<br \/>\nModel Boy: 1.75 Beden: 36<\/p>","protected":false},"featured_media":10695,"template":"","meta":{"_sitemap_exclude":false,"_sitemap_priority":"","_sitemap_frequency":""},"product_brand":[],"product_cat":[85],"product_tag":[],"class_list":{"0":"post-10686","1":"product","2":"type-product","3":"status-publish","4":"has-post-thumbnail","6":"product_cat-long-way","8":"first","9":"instock","10":"shipping-taxable","11":"purchasable","12":"product-type-variable"},"_links":{"self":[{"href":"https:\/\/www.allsences.com\/en\/wp-json\/wp\/v2\/product\/10686","targetHints":{"allow":["GET"]}}],"collection":[{"href":"https:\/\/www.allsences.com\/en\/wp-json\/wp\/v2\/product"}],"about":[{"href":"https:\/\/www.allsences.com\/en\/wp-json\/wp\/v2\/types\/product"}],"wp:featuredmedia":[{"embeddable":true,"href":"https:\/\/www.allsences.com\/en\/wp-json\/wp\/v2\/media\/10695"}],"wp:attachment":[{"href":"https:\/\/www.allsences.com\/en\/wp-json\/wp\/v2\/media?parent=10686"}],"wp:term":[{"taxonomy":"product_brand","embeddable":true,"href":"https:\/\/www.allsences.com\/en\/wp-json\/wp\/v2\/product_brand?post=10686"},{"taxonomy":"product_cat","embeddable":true,"href":"https:\/\/www.allsences.com\/en\/wp-json\/wp\/v2\/product_cat?post=10686"},{"taxonomy":"product_tag","embeddable":true,"href":"https:\/\/www.allsences.com\/en\/wp-json\/wp\/v2\/product_tag?post=10686"}],"curies":[{"name":"wp","href":"https:\/\/api.w.org\/{rel}","templated":true}]}}