{"id":10700,"date":"2024-11-05T13:11:48","date_gmt":"2024-11-05T10:11:48","guid":{"rendered":"https:\/\/www.allsences.com\/?post_type=product&#038;p=10700"},"modified":"2024-12-03T12:50:21","modified_gmt":"2024-12-03T09:50:21","slug":"allsences-leopard-ribbon-claps","status":"publish","type":"product","link":"https:\/\/www.allsences.com\/en\/product\/allsences-leopard-ribbon-claps\/","title":{"rendered":"Allsences Leopard Ribbon Claps"},"content":{"rendered":"","protected":false},"excerpt":{"rendered":"<p>Zarif ve \u015f\u0131k bir g\u00f6r\u00fcn\u00fcm i\u00e7in idealdir.<br \/>\nFiyonk sa\u00e7 aksesuar\u0131.<\/p>\n<p>%50 Pes %50 Cotton &#8211; Kadife<br \/>\nModel Boy: 1.75 Beden: 36<\/p>","protected":false},"featured_media":10703,"template":"","meta":{"_sitemap_exclude":false,"_sitemap_priority":"","_sitemap_frequency":""},"product_brand":[],"product_cat":[85],"product_tag":[],"class_list":{"0":"post-10700","1":"product","2":"type-product","3":"status-publish","4":"has-post-thumbnail","6":"product_cat-long-way","8":"first","9":"instock","10":"shipping-taxable","11":"purchasable","12":"product-type-simple"},"_links":{"self":[{"href":"https:\/\/www.allsences.com\/en\/wp-json\/wp\/v2\/product\/10700","targetHints":{"allow":["GET"]}}],"collection":[{"href":"https:\/\/www.allsences.com\/en\/wp-json\/wp\/v2\/product"}],"about":[{"href":"https:\/\/www.allsences.com\/en\/wp-json\/wp\/v2\/types\/product"}],"wp:featuredmedia":[{"embeddable":true,"href":"https:\/\/www.allsences.com\/en\/wp-json\/wp\/v2\/media\/10703"}],"wp:attachment":[{"href":"https:\/\/www.allsences.com\/en\/wp-json\/wp\/v2\/media?parent=10700"}],"wp:term":[{"taxonomy":"product_brand","embeddable":true,"href":"https:\/\/www.allsences.com\/en\/wp-json\/wp\/v2\/product_brand?post=10700"},{"taxonomy":"product_cat","embeddable":true,"href":"https:\/\/www.allsences.com\/en\/wp-json\/wp\/v2\/product_cat?post=10700"},{"taxonomy":"product_tag","embeddable":true,"href":"https:\/\/www.allsences.com\/en\/wp-json\/wp\/v2\/product_tag?post=10700"}],"curies":[{"name":"wp","href":"https:\/\/api.w.org\/{rel}","templated":true}]}}