{"id":10718,"date":"2024-11-05T15:46:49","date_gmt":"2024-11-05T12:46:49","guid":{"rendered":"https:\/\/www.allsences.com\/?post_type=product&#038;p=10718"},"modified":"2025-02-19T13:05:49","modified_gmt":"2025-02-19T10:05:49","slug":"allsences-briella-leopard-jacket","status":"publish","type":"product","link":"https:\/\/www.allsences.com\/en\/product\/allsences-briella-leopard-jacket\/","title":{"rendered":"Allsences Briella Leopard Jacket"},"content":{"rendered":"","protected":false},"excerpt":{"rendered":"<p>Cesur ve \u00f6zg\u00fcn tarz\u0131n\u0131z\u0131 yans\u0131tmak i\u00e7in farkl\u0131 modelleri deneyebilir ve kendi stilinizi olu\u015fturabilirsiniz.<br \/>\n\u0130\u00e7i astarl\u0131 yandan cep detayl\u0131 uzun leopar ceket.<\/p>\n<p>%100 Cotton<br \/>\nModel Boy: 1.75 Beden: 36<\/p>","protected":false},"featured_media":10732,"template":"","meta":{"_sitemap_exclude":false,"_sitemap_priority":"","_sitemap_frequency":""},"product_brand":[],"product_cat":[85],"product_tag":[],"class_list":{"0":"post-10718","1":"product","2":"type-product","3":"status-publish","4":"has-post-thumbnail","6":"product_cat-long-way","8":"first","9":"instock","10":"shipping-taxable","11":"purchasable","12":"product-type-variable"},"_links":{"self":[{"href":"https:\/\/www.allsences.com\/en\/wp-json\/wp\/v2\/product\/10718","targetHints":{"allow":["GET"]}}],"collection":[{"href":"https:\/\/www.allsences.com\/en\/wp-json\/wp\/v2\/product"}],"about":[{"href":"https:\/\/www.allsences.com\/en\/wp-json\/wp\/v2\/types\/product"}],"wp:featuredmedia":[{"embeddable":true,"href":"https:\/\/www.allsences.com\/en\/wp-json\/wp\/v2\/media\/10732"}],"wp:attachment":[{"href":"https:\/\/www.allsences.com\/en\/wp-json\/wp\/v2\/media?parent=10718"}],"wp:term":[{"taxonomy":"product_brand","embeddable":true,"href":"https:\/\/www.allsences.com\/en\/wp-json\/wp\/v2\/product_brand?post=10718"},{"taxonomy":"product_cat","embeddable":true,"href":"https:\/\/www.allsences.com\/en\/wp-json\/wp\/v2\/product_cat?post=10718"},{"taxonomy":"product_tag","embeddable":true,"href":"https:\/\/www.allsences.com\/en\/wp-json\/wp\/v2\/product_tag?post=10718"}],"curies":[{"name":"wp","href":"https:\/\/api.w.org\/{rel}","templated":true}]}}