{"id":10736,"date":"2024-11-05T15:52:15","date_gmt":"2024-11-05T12:52:15","guid":{"rendered":"https:\/\/www.allsences.com\/?post_type=product&#038;p=10736"},"modified":"2024-11-10T15:35:42","modified_gmt":"2024-11-10T12:35:42","slug":"allsences-briella-leopard-skirt","status":"publish","type":"product","link":"https:\/\/www.allsences.com\/en\/product\/allsences-briella-leopard-skirt\/","title":{"rendered":"Allsences Briella Leopard Skirt"},"content":{"rendered":"","protected":false},"excerpt":{"rendered":"<p>Gen\u00e7 ve dinamik bir tarz\u0131 olanlar i\u00e7in mini etekler harika bir se\u00e7enek.<br \/>\n\u0130ki yandan cep ba\u015fl\u0131\u011f\u0131 detayl\u0131 leopar etek.<\/p>\n<p>%100 Cotton<br \/>\nModel Boy: 1.75 Beden: 36<\/p>","protected":false},"featured_media":10739,"template":"","meta":{"_sitemap_exclude":false,"_sitemap_priority":"","_sitemap_frequency":""},"product_brand":[],"product_cat":[85],"product_tag":[],"class_list":{"0":"post-10736","1":"product","2":"type-product","3":"status-publish","4":"has-post-thumbnail","6":"product_cat-long-way","8":"first","9":"instock","10":"shipping-taxable","11":"purchasable","12":"product-type-variable"},"_links":{"self":[{"href":"https:\/\/www.allsences.com\/en\/wp-json\/wp\/v2\/product\/10736","targetHints":{"allow":["GET"]}}],"collection":[{"href":"https:\/\/www.allsences.com\/en\/wp-json\/wp\/v2\/product"}],"about":[{"href":"https:\/\/www.allsences.com\/en\/wp-json\/wp\/v2\/types\/product"}],"wp:featuredmedia":[{"embeddable":true,"href":"https:\/\/www.allsences.com\/en\/wp-json\/wp\/v2\/media\/10739"}],"wp:attachment":[{"href":"https:\/\/www.allsences.com\/en\/wp-json\/wp\/v2\/media?parent=10736"}],"wp:term":[{"taxonomy":"product_brand","embeddable":true,"href":"https:\/\/www.allsences.com\/en\/wp-json\/wp\/v2\/product_brand?post=10736"},{"taxonomy":"product_cat","embeddable":true,"href":"https:\/\/www.allsences.com\/en\/wp-json\/wp\/v2\/product_cat?post=10736"},{"taxonomy":"product_tag","embeddable":true,"href":"https:\/\/www.allsences.com\/en\/wp-json\/wp\/v2\/product_tag?post=10736"}],"curies":[{"name":"wp","href":"https:\/\/api.w.org\/{rel}","templated":true}]}}