{"id":10771,"date":"2024-11-05T16:09:23","date_gmt":"2024-11-05T13:09:23","guid":{"rendered":"https:\/\/www.allsences.com\/?post_type=product&#038;p=10771"},"modified":"2025-04-08T11:58:41","modified_gmt":"2025-04-08T08:58:41","slug":"allsences-gemma-leopard-skirt","status":"publish","type":"product","link":"https:\/\/www.allsences.com\/en\/product\/allsences-gemma-leopard-skirt\/","title":{"rendered":"Allsences Gemma Leopard Skirt"},"content":{"rendered":"","protected":false},"excerpt":{"rendered":"<p>Hem g\u00fcnl\u00fck hem de \u00f6zel davetlerde \u015f\u0131k bir g\u00f6r\u00fcn\u00fcm elde etmenizi sa\u011flar.<br \/>\n\u0130ki yandan cep detayl\u0131 etek.<\/p>\n<p>%50 Pes %50 Cotton &#8211; Kadife<br \/>\nModel Boy: 1.75 Beden: 36<\/p>","protected":false},"featured_media":10774,"template":"","meta":{"_sitemap_exclude":false,"_sitemap_priority":"","_sitemap_frequency":""},"product_brand":[],"product_cat":[85,83],"product_tag":[],"class_list":{"0":"post-10771","1":"product","2":"type-product","3":"status-publish","4":"has-post-thumbnail","6":"product_cat-long-way","7":"product_cat-outlet","9":"first","10":"instock","11":"sale","12":"shipping-taxable","13":"purchasable","14":"product-type-variable"},"_links":{"self":[{"href":"https:\/\/www.allsences.com\/en\/wp-json\/wp\/v2\/product\/10771","targetHints":{"allow":["GET"]}}],"collection":[{"href":"https:\/\/www.allsences.com\/en\/wp-json\/wp\/v2\/product"}],"about":[{"href":"https:\/\/www.allsences.com\/en\/wp-json\/wp\/v2\/types\/product"}],"wp:featuredmedia":[{"embeddable":true,"href":"https:\/\/www.allsences.com\/en\/wp-json\/wp\/v2\/media\/10774"}],"wp:attachment":[{"href":"https:\/\/www.allsences.com\/en\/wp-json\/wp\/v2\/media?parent=10771"}],"wp:term":[{"taxonomy":"product_brand","embeddable":true,"href":"https:\/\/www.allsences.com\/en\/wp-json\/wp\/v2\/product_brand?post=10771"},{"taxonomy":"product_cat","embeddable":true,"href":"https:\/\/www.allsences.com\/en\/wp-json\/wp\/v2\/product_cat?post=10771"},{"taxonomy":"product_tag","embeddable":true,"href":"https:\/\/www.allsences.com\/en\/wp-json\/wp\/v2\/product_tag?post=10771"}],"curies":[{"name":"wp","href":"https:\/\/api.w.org\/{rel}","templated":true}]}}