{"id":10785,"date":"2024-11-05T16:23:20","date_gmt":"2024-11-05T13:23:20","guid":{"rendered":"https:\/\/www.allsences.com\/?post_type=product&#038;p=10785"},"modified":"2025-10-04T12:11:19","modified_gmt":"2025-10-04T09:11:19","slug":"allsences-dora-leather-vest","status":"publish","type":"product","link":"https:\/\/www.allsences.com\/en\/product\/allsences-dora-leather-vest\/","title":{"rendered":"Allsences Dora Leather Vest"},"content":{"rendered":"","protected":false},"excerpt":{"rendered":"<p>Farkl\u0131 tarzlara uyum sa\u011flar. Her zaman modern bir g\u00f6r\u00fcn\u00fcm sunar.<br \/>\n\u00d6nden \u00e7\u0131t\u00e7\u0131tl\u0131 omuz apolet detayl\u0131 yelek.<\/p>\n<p>%100 Pes &#8211; Suni Deri<br \/>\nModel Boy: 1.75 Beden: 36<\/p>","protected":false},"featured_media":10789,"template":"","meta":{"_sitemap_exclude":false,"_sitemap_priority":"","_sitemap_frequency":""},"product_brand":[],"product_cat":[85],"product_tag":[],"class_list":{"0":"post-10785","1":"product","2":"type-product","3":"status-publish","4":"has-post-thumbnail","6":"product_cat-long-way","8":"first","9":"instock","10":"shipping-taxable","11":"purchasable","12":"product-type-variable"},"_links":{"self":[{"href":"https:\/\/www.allsences.com\/en\/wp-json\/wp\/v2\/product\/10785","targetHints":{"allow":["GET"]}}],"collection":[{"href":"https:\/\/www.allsences.com\/en\/wp-json\/wp\/v2\/product"}],"about":[{"href":"https:\/\/www.allsences.com\/en\/wp-json\/wp\/v2\/types\/product"}],"wp:featuredmedia":[{"embeddable":true,"href":"https:\/\/www.allsences.com\/en\/wp-json\/wp\/v2\/media\/10789"}],"wp:attachment":[{"href":"https:\/\/www.allsences.com\/en\/wp-json\/wp\/v2\/media?parent=10785"}],"wp:term":[{"taxonomy":"product_brand","embeddable":true,"href":"https:\/\/www.allsences.com\/en\/wp-json\/wp\/v2\/product_brand?post=10785"},{"taxonomy":"product_cat","embeddable":true,"href":"https:\/\/www.allsences.com\/en\/wp-json\/wp\/v2\/product_cat?post=10785"},{"taxonomy":"product_tag","embeddable":true,"href":"https:\/\/www.allsences.com\/en\/wp-json\/wp\/v2\/product_tag?post=10785"}],"curies":[{"name":"wp","href":"https:\/\/api.w.org\/{rel}","templated":true}]}}