{"id":10797,"date":"2024-11-05T16:28:29","date_gmt":"2024-11-05T13:28:29","guid":{"rendered":"https:\/\/www.allsences.com\/?post_type=product&#038;p=10797"},"modified":"2025-10-04T12:13:28","modified_gmt":"2025-10-04T09:13:28","slug":"allsences-dora-leather-skirt","status":"publish","type":"product","link":"https:\/\/www.allsences.com\/en\/product\/allsences-dora-leather-skirt\/","title":{"rendered":"Allsences Dora Leather Skirt"},"content":{"rendered":"","protected":false},"excerpt":{"rendered":"<p>Mini deri etekler, daha gen\u00e7 ve enerjik bir tarz\u0131 yans\u0131t\u0131r.<br \/>\nYandan cep ba\u015fl\u0131\u011f\u0131 detayl\u0131 etek.<\/p>\n<p>%100 Pes &#8211; Suni Deri<br \/>\nModel Boy: 1.75 Beden: 36<\/p>","protected":false},"featured_media":10800,"template":"","meta":{"_sitemap_exclude":false,"_sitemap_priority":"","_sitemap_frequency":""},"product_brand":[],"product_cat":[85],"product_tag":[],"class_list":{"0":"post-10797","1":"product","2":"type-product","3":"status-publish","4":"has-post-thumbnail","6":"product_cat-long-way","8":"first","9":"instock","10":"shipping-taxable","11":"purchasable","12":"product-type-variable"},"_links":{"self":[{"href":"https:\/\/www.allsences.com\/en\/wp-json\/wp\/v2\/product\/10797","targetHints":{"allow":["GET"]}}],"collection":[{"href":"https:\/\/www.allsences.com\/en\/wp-json\/wp\/v2\/product"}],"about":[{"href":"https:\/\/www.allsences.com\/en\/wp-json\/wp\/v2\/types\/product"}],"wp:featuredmedia":[{"embeddable":true,"href":"https:\/\/www.allsences.com\/en\/wp-json\/wp\/v2\/media\/10800"}],"wp:attachment":[{"href":"https:\/\/www.allsences.com\/en\/wp-json\/wp\/v2\/media?parent=10797"}],"wp:term":[{"taxonomy":"product_brand","embeddable":true,"href":"https:\/\/www.allsences.com\/en\/wp-json\/wp\/v2\/product_brand?post=10797"},{"taxonomy":"product_cat","embeddable":true,"href":"https:\/\/www.allsences.com\/en\/wp-json\/wp\/v2\/product_cat?post=10797"},{"taxonomy":"product_tag","embeddable":true,"href":"https:\/\/www.allsences.com\/en\/wp-json\/wp\/v2\/product_tag?post=10797"}],"curies":[{"name":"wp","href":"https:\/\/api.w.org\/{rel}","templated":true}]}}