{"id":10808,"date":"2024-11-05T16:33:16","date_gmt":"2024-11-05T13:33:16","guid":{"rendered":"https:\/\/www.allsences.com\/?post_type=product&#038;p=10808"},"modified":"2024-11-10T15:36:38","modified_gmt":"2024-11-10T12:36:38","slug":"allsences-betty-leopard-dress","status":"publish","type":"product","link":"https:\/\/www.allsences.com\/en\/product\/allsences-betty-leopard-dress\/","title":{"rendered":"Allsences Betty Leopard Dress"},"content":{"rendered":"","protected":false},"excerpt":{"rendered":"<p>\u015e\u0131k ve zarif bir g\u00f6r\u00fcn\u00fcm i\u00e7in ideal.<br \/>\nTek omuz ba\u011flamal\u0131 elbise.<\/p>\n<p>%100 Pes<br \/>\nModel Boy: 1.75 Beden: 36<\/p>","protected":false},"featured_media":10813,"template":"","meta":{"_sitemap_exclude":false,"_sitemap_priority":"","_sitemap_frequency":""},"product_brand":[],"product_cat":[85],"product_tag":[],"class_list":{"0":"post-10808","1":"product","2":"type-product","3":"status-publish","4":"has-post-thumbnail","6":"product_cat-long-way","8":"first","9":"instock","10":"shipping-taxable","11":"purchasable","12":"product-type-variable"},"_links":{"self":[{"href":"https:\/\/www.allsences.com\/en\/wp-json\/wp\/v2\/product\/10808","targetHints":{"allow":["GET"]}}],"collection":[{"href":"https:\/\/www.allsences.com\/en\/wp-json\/wp\/v2\/product"}],"about":[{"href":"https:\/\/www.allsences.com\/en\/wp-json\/wp\/v2\/types\/product"}],"wp:featuredmedia":[{"embeddable":true,"href":"https:\/\/www.allsences.com\/en\/wp-json\/wp\/v2\/media\/10813"}],"wp:attachment":[{"href":"https:\/\/www.allsences.com\/en\/wp-json\/wp\/v2\/media?parent=10808"}],"wp:term":[{"taxonomy":"product_brand","embeddable":true,"href":"https:\/\/www.allsences.com\/en\/wp-json\/wp\/v2\/product_brand?post=10808"},{"taxonomy":"product_cat","embeddable":true,"href":"https:\/\/www.allsences.com\/en\/wp-json\/wp\/v2\/product_cat?post=10808"},{"taxonomy":"product_tag","embeddable":true,"href":"https:\/\/www.allsences.com\/en\/wp-json\/wp\/v2\/product_tag?post=10808"}],"curies":[{"name":"wp","href":"https:\/\/api.w.org\/{rel}","templated":true}]}}