{"id":10825,"date":"2024-11-05T16:42:11","date_gmt":"2024-11-05T13:42:11","guid":{"rendered":"https:\/\/www.allsences.com\/?post_type=product&#038;p=10825"},"modified":"2024-11-10T15:36:55","modified_gmt":"2024-11-10T12:36:55","slug":"allsences-luna-leopard-pants","status":"publish","type":"product","link":"https:\/\/www.allsences.com\/en\/product\/allsences-luna-leopard-pants\/","title":{"rendered":"Allsences Luna Leopard Pants"},"content":{"rendered":"","protected":false},"excerpt":{"rendered":"<p>Hem zarif hem de modern bir g\u00f6r\u00fcn\u00fcm sunar. \u00d6zel davetlere uyum sa\u011flayan \u015f\u0131k ve rahat kombinler olu\u015fturman\u0131za imkan tan\u0131r.<br \/>\nYanlar\u0131 ve pa\u00e7a k\u0131sm\u0131 cep detayl\u0131 pantolon.<\/p>\n<p>%100 Cotton<br \/>\nModel Boy: 1.75 Beden: 36<\/p>","protected":false},"featured_media":10828,"template":"","meta":{"_sitemap_exclude":false,"_sitemap_priority":"","_sitemap_frequency":""},"product_brand":[],"product_cat":[85],"product_tag":[],"class_list":{"0":"post-10825","1":"product","2":"type-product","3":"status-publish","4":"has-post-thumbnail","6":"product_cat-long-way","8":"first","9":"instock","10":"shipping-taxable","11":"purchasable","12":"product-type-variable"},"_links":{"self":[{"href":"https:\/\/www.allsences.com\/en\/wp-json\/wp\/v2\/product\/10825","targetHints":{"allow":["GET"]}}],"collection":[{"href":"https:\/\/www.allsences.com\/en\/wp-json\/wp\/v2\/product"}],"about":[{"href":"https:\/\/www.allsences.com\/en\/wp-json\/wp\/v2\/types\/product"}],"wp:featuredmedia":[{"embeddable":true,"href":"https:\/\/www.allsences.com\/en\/wp-json\/wp\/v2\/media\/10828"}],"wp:attachment":[{"href":"https:\/\/www.allsences.com\/en\/wp-json\/wp\/v2\/media?parent=10825"}],"wp:term":[{"taxonomy":"product_brand","embeddable":true,"href":"https:\/\/www.allsences.com\/en\/wp-json\/wp\/v2\/product_brand?post=10825"},{"taxonomy":"product_cat","embeddable":true,"href":"https:\/\/www.allsences.com\/en\/wp-json\/wp\/v2\/product_cat?post=10825"},{"taxonomy":"product_tag","embeddable":true,"href":"https:\/\/www.allsences.com\/en\/wp-json\/wp\/v2\/product_tag?post=10825"}],"curies":[{"name":"wp","href":"https:\/\/api.w.org\/{rel}","templated":true}]}}