{"id":10834,"date":"2024-11-05T16:46:47","date_gmt":"2024-11-05T13:46:47","guid":{"rendered":"https:\/\/www.allsences.com\/?post_type=product&#038;p=10834"},"modified":"2025-10-03T22:19:01","modified_gmt":"2025-10-03T19:19:01","slug":"allsences-kaylee-green-jacket","status":"publish","type":"product","link":"https:\/\/www.allsences.com\/en\/product\/allsences-kaylee-green-jacket\/","title":{"rendered":"Allsences Kaylee Green Jacket"},"content":{"rendered":"","protected":false},"excerpt":{"rendered":"<p>Her kad\u0131n\u0131n gard\u0131robunda olmas\u0131 gereken temel par\u00e7a. Hem i\u015f hayat\u0131nda hem de g\u00fcnl\u00fck hayatta \u015f\u0131k bir g\u00f6r\u00fcn\u00fcm sa\u011flar.<br \/>\nApolet detayl\u0131 yandan ba\u011flama kollar\u0131 b\u00fczg\u00fcl\u00fc ceket.<\/p>\n<p>%100 Cotton &#8211; Gabardin<br \/>\nModel Boy: 1.75 Beden: 36<\/p>","protected":false},"featured_media":10850,"template":"","meta":{"_sitemap_exclude":false,"_sitemap_priority":"","_sitemap_frequency":""},"product_brand":[],"product_cat":[85],"product_tag":[],"class_list":{"0":"post-10834","1":"product","2":"type-product","3":"status-publish","4":"has-post-thumbnail","6":"product_cat-long-way","8":"first","9":"instock","10":"shipping-taxable","11":"purchasable","12":"product-type-variable"},"_links":{"self":[{"href":"https:\/\/www.allsences.com\/en\/wp-json\/wp\/v2\/product\/10834","targetHints":{"allow":["GET"]}}],"collection":[{"href":"https:\/\/www.allsences.com\/en\/wp-json\/wp\/v2\/product"}],"about":[{"href":"https:\/\/www.allsences.com\/en\/wp-json\/wp\/v2\/types\/product"}],"wp:featuredmedia":[{"embeddable":true,"href":"https:\/\/www.allsences.com\/en\/wp-json\/wp\/v2\/media\/10850"}],"wp:attachment":[{"href":"https:\/\/www.allsences.com\/en\/wp-json\/wp\/v2\/media?parent=10834"}],"wp:term":[{"taxonomy":"product_brand","embeddable":true,"href":"https:\/\/www.allsences.com\/en\/wp-json\/wp\/v2\/product_brand?post=10834"},{"taxonomy":"product_cat","embeddable":true,"href":"https:\/\/www.allsences.com\/en\/wp-json\/wp\/v2\/product_cat?post=10834"},{"taxonomy":"product_tag","embeddable":true,"href":"https:\/\/www.allsences.com\/en\/wp-json\/wp\/v2\/product_tag?post=10834"}],"curies":[{"name":"wp","href":"https:\/\/api.w.org\/{rel}","templated":true}]}}