{"id":10852,"date":"2024-11-05T16:54:37","date_gmt":"2024-11-05T13:54:37","guid":{"rendered":"https:\/\/www.allsences.com\/?post_type=product&#038;p=10852"},"modified":"2025-10-03T22:17:45","modified_gmt":"2025-10-03T19:17:45","slug":"allsences-kaylee-green-pants","status":"publish","type":"product","link":"https:\/\/www.allsences.com\/en\/product\/allsences-kaylee-green-pants\/","title":{"rendered":"Allsences Kaylee Green Pants"},"content":{"rendered":"","protected":false},"excerpt":{"rendered":"<p>Hem g\u00fcnl\u00fck \u015f\u0131k kombinler olu\u015fturman\u0131za olanak tan\u0131yor.<br \/>\nYandan cep detayl\u0131 uzun pantolon.<\/p>\n<p>%100 Cotton &#8211; Gabardin<br \/>\nModel Boy: 1.75 Beden: 36<\/p>","protected":false},"featured_media":10855,"template":"","meta":{"_sitemap_exclude":false,"_sitemap_priority":"","_sitemap_frequency":""},"product_brand":[],"product_cat":[85],"product_tag":[],"class_list":{"0":"post-10852","1":"product","2":"type-product","3":"status-publish","4":"has-post-thumbnail","6":"product_cat-long-way","8":"first","9":"instock","10":"shipping-taxable","11":"purchasable","12":"product-type-variable"},"_links":{"self":[{"href":"https:\/\/www.allsences.com\/en\/wp-json\/wp\/v2\/product\/10852","targetHints":{"allow":["GET"]}}],"collection":[{"href":"https:\/\/www.allsences.com\/en\/wp-json\/wp\/v2\/product"}],"about":[{"href":"https:\/\/www.allsences.com\/en\/wp-json\/wp\/v2\/types\/product"}],"wp:featuredmedia":[{"embeddable":true,"href":"https:\/\/www.allsences.com\/en\/wp-json\/wp\/v2\/media\/10855"}],"wp:attachment":[{"href":"https:\/\/www.allsences.com\/en\/wp-json\/wp\/v2\/media?parent=10852"}],"wp:term":[{"taxonomy":"product_brand","embeddable":true,"href":"https:\/\/www.allsences.com\/en\/wp-json\/wp\/v2\/product_brand?post=10852"},{"taxonomy":"product_cat","embeddable":true,"href":"https:\/\/www.allsences.com\/en\/wp-json\/wp\/v2\/product_cat?post=10852"},{"taxonomy":"product_tag","embeddable":true,"href":"https:\/\/www.allsences.com\/en\/wp-json\/wp\/v2\/product_tag?post=10852"}],"curies":[{"name":"wp","href":"https:\/\/api.w.org\/{rel}","templated":true}]}}