{"id":10877,"date":"2024-11-05T17:09:05","date_gmt":"2024-11-05T14:09:05","guid":{"rendered":"https:\/\/www.allsences.com\/?post_type=product&#038;p=10877"},"modified":"2024-11-10T15:37:22","modified_gmt":"2024-11-10T12:37:22","slug":"allsences-bella-denim-skirt","status":"publish","type":"product","link":"https:\/\/www.allsences.com\/en\/product\/allsences-bella-denim-skirt\/","title":{"rendered":"Allsences Bella Denim Skirt"},"content":{"rendered":"","protected":false},"excerpt":{"rendered":"<p>Hem g\u00fcnl\u00fck hem de \u00f6zel davetler i\u00e7in idealdir. Bluz ve topuklu ayakkab\u0131yla \u015f\u0131k bir g\u00f6r\u00fcn\u00fcm elde edebilirsiniz.<br \/>\n\u00d6nden cep detayl\u0131 etek.<\/p>\n<p>%100 Cotton<br \/>\nModel Boy: 1.75 Beden: 36<\/p>","protected":false},"featured_media":10889,"template":"","meta":{"_sitemap_exclude":false,"_sitemap_priority":"","_sitemap_frequency":""},"product_brand":[],"product_cat":[85],"product_tag":[],"class_list":{"0":"post-10877","1":"product","2":"type-product","3":"status-publish","4":"has-post-thumbnail","6":"product_cat-long-way","8":"first","9":"instock","10":"shipping-taxable","11":"purchasable","12":"product-type-variable"},"_links":{"self":[{"href":"https:\/\/www.allsences.com\/en\/wp-json\/wp\/v2\/product\/10877","targetHints":{"allow":["GET"]}}],"collection":[{"href":"https:\/\/www.allsences.com\/en\/wp-json\/wp\/v2\/product"}],"about":[{"href":"https:\/\/www.allsences.com\/en\/wp-json\/wp\/v2\/types\/product"}],"wp:featuredmedia":[{"embeddable":true,"href":"https:\/\/www.allsences.com\/en\/wp-json\/wp\/v2\/media\/10889"}],"wp:attachment":[{"href":"https:\/\/www.allsences.com\/en\/wp-json\/wp\/v2\/media?parent=10877"}],"wp:term":[{"taxonomy":"product_brand","embeddable":true,"href":"https:\/\/www.allsences.com\/en\/wp-json\/wp\/v2\/product_brand?post=10877"},{"taxonomy":"product_cat","embeddable":true,"href":"https:\/\/www.allsences.com\/en\/wp-json\/wp\/v2\/product_cat?post=10877"},{"taxonomy":"product_tag","embeddable":true,"href":"https:\/\/www.allsences.com\/en\/wp-json\/wp\/v2\/product_tag?post=10877"}],"curies":[{"name":"wp","href":"https:\/\/api.w.org\/{rel}","templated":true}]}}