{"id":10893,"date":"2024-11-05T17:14:33","date_gmt":"2024-11-05T14:14:33","guid":{"rendered":"https:\/\/www.allsences.com\/?post_type=product&#038;p=10893"},"modified":"2025-09-11T10:13:24","modified_gmt":"2025-09-11T07:13:24","slug":"allsences-grace-blue-shirt","status":"publish","type":"product","link":"https:\/\/www.allsences.com\/en\/product\/allsences-grace-blue-shirt\/","title":{"rendered":"Allsences Grace Blue Shirt"},"content":{"rendered":"","protected":false},"excerpt":{"rendered":"<p>Modern ve dinamik bir tarz yaratmak isteyenler i\u00e7in harika bir se\u00e7enektir.<br \/>\nYandan asimetrik olarak ba\u011flamal\u0131 \u00e7izgili g\u00f6mlek.<\/p>\n<p>%100 Cotton<br \/>\nModel Boy: 1.75 Beden: 36<\/p>","protected":false},"featured_media":10907,"template":"","meta":{"_sitemap_exclude":false,"_sitemap_priority":"","_sitemap_frequency":""},"product_brand":[],"product_cat":[85],"product_tag":[],"class_list":{"0":"post-10893","1":"product","2":"type-product","3":"status-publish","4":"has-post-thumbnail","6":"product_cat-long-way","8":"first","9":"instock","10":"shipping-taxable","11":"purchasable","12":"product-type-variable"},"_links":{"self":[{"href":"https:\/\/www.allsences.com\/en\/wp-json\/wp\/v2\/product\/10893","targetHints":{"allow":["GET"]}}],"collection":[{"href":"https:\/\/www.allsences.com\/en\/wp-json\/wp\/v2\/product"}],"about":[{"href":"https:\/\/www.allsences.com\/en\/wp-json\/wp\/v2\/types\/product"}],"wp:featuredmedia":[{"embeddable":true,"href":"https:\/\/www.allsences.com\/en\/wp-json\/wp\/v2\/media\/10907"}],"wp:attachment":[{"href":"https:\/\/www.allsences.com\/en\/wp-json\/wp\/v2\/media?parent=10893"}],"wp:term":[{"taxonomy":"product_brand","embeddable":true,"href":"https:\/\/www.allsences.com\/en\/wp-json\/wp\/v2\/product_brand?post=10893"},{"taxonomy":"product_cat","embeddable":true,"href":"https:\/\/www.allsences.com\/en\/wp-json\/wp\/v2\/product_cat?post=10893"},{"taxonomy":"product_tag","embeddable":true,"href":"https:\/\/www.allsences.com\/en\/wp-json\/wp\/v2\/product_tag?post=10893"}],"curies":[{"name":"wp","href":"https:\/\/api.w.org\/{rel}","templated":true}]}}