{"id":10908,"date":"2024-11-05T17:19:03","date_gmt":"2024-11-05T14:19:03","guid":{"rendered":"https:\/\/www.allsences.com\/?post_type=product&#038;p=10908"},"modified":"2024-11-10T15:37:34","modified_gmt":"2024-11-10T12:37:34","slug":"allsences-zora-gold-dress","status":"publish","type":"product","link":"https:\/\/www.allsences.com\/en\/product\/allsences-zora-gold-dress\/","title":{"rendered":"Allsences Zora Gold Dress"},"content":{"rendered":"","protected":false},"excerpt":{"rendered":"<p>Gidece\u011finiz ortamda \u015f\u0131k bir g\u00f6r\u00fcn\u00fcm elde etmenizi sa\u011flayacakt\u0131r.<br \/>\nDesenli i\u00e7i astarl\u0131 k\u0131sa elbise.<\/p>\n<p>%100 Pes<br \/>\nModel Boy: 1.75 Beden: 36<\/p>","protected":false},"featured_media":10915,"template":"","meta":{"_sitemap_exclude":false,"_sitemap_priority":"","_sitemap_frequency":""},"product_brand":[],"product_cat":[85],"product_tag":[],"class_list":{"0":"post-10908","1":"product","2":"type-product","3":"status-publish","4":"has-post-thumbnail","6":"product_cat-long-way","8":"first","9":"instock","10":"shipping-taxable","11":"purchasable","12":"product-type-variable"},"_links":{"self":[{"href":"https:\/\/www.allsences.com\/en\/wp-json\/wp\/v2\/product\/10908","targetHints":{"allow":["GET"]}}],"collection":[{"href":"https:\/\/www.allsences.com\/en\/wp-json\/wp\/v2\/product"}],"about":[{"href":"https:\/\/www.allsences.com\/en\/wp-json\/wp\/v2\/types\/product"}],"wp:featuredmedia":[{"embeddable":true,"href":"https:\/\/www.allsences.com\/en\/wp-json\/wp\/v2\/media\/10915"}],"wp:attachment":[{"href":"https:\/\/www.allsences.com\/en\/wp-json\/wp\/v2\/media?parent=10908"}],"wp:term":[{"taxonomy":"product_brand","embeddable":true,"href":"https:\/\/www.allsences.com\/en\/wp-json\/wp\/v2\/product_brand?post=10908"},{"taxonomy":"product_cat","embeddable":true,"href":"https:\/\/www.allsences.com\/en\/wp-json\/wp\/v2\/product_cat?post=10908"},{"taxonomy":"product_tag","embeddable":true,"href":"https:\/\/www.allsences.com\/en\/wp-json\/wp\/v2\/product_tag?post=10908"}],"curies":[{"name":"wp","href":"https:\/\/api.w.org\/{rel}","templated":true}]}}