{"id":10927,"date":"2024-11-06T10:56:41","date_gmt":"2024-11-06T07:56:41","guid":{"rendered":"https:\/\/www.allsences.com\/?post_type=product&#038;p=10927"},"modified":"2025-02-24T14:28:00","modified_gmt":"2025-02-24T11:28:00","slug":"allsences-ivory-gray-vest","status":"publish","type":"product","link":"https:\/\/www.allsences.com\/en\/product\/allsences-ivory-gray-vest\/","title":{"rendered":"Allsences Ivory Gray Vest"},"content":{"rendered":"","protected":false},"excerpt":{"rendered":"<p>Pantolonlarla ve etek ile kombinlenerek \u015f\u0131k bir g\u00f6r\u00fcn\u00fcm elde edilir.<br \/>\n\u00d6nden iki d\u00fc\u011fme yandan cep detayl\u0131 yelek.<\/p>\n<p>%100 Pes<br \/>\nModel Boy: 1.75 Beden: 36<\/p>","protected":false},"featured_media":10933,"template":"","meta":{"_sitemap_exclude":false,"_sitemap_priority":"","_sitemap_frequency":""},"product_brand":[],"product_cat":[33],"product_tag":[],"class_list":{"0":"post-10927","1":"product","2":"type-product","3":"status-publish","4":"has-post-thumbnail","6":"product_cat-summer-wind","8":"first","9":"instock","10":"shipping-taxable","11":"purchasable","12":"product-type-variable"},"_links":{"self":[{"href":"https:\/\/www.allsences.com\/en\/wp-json\/wp\/v2\/product\/10927","targetHints":{"allow":["GET"]}}],"collection":[{"href":"https:\/\/www.allsences.com\/en\/wp-json\/wp\/v2\/product"}],"about":[{"href":"https:\/\/www.allsences.com\/en\/wp-json\/wp\/v2\/types\/product"}],"wp:featuredmedia":[{"embeddable":true,"href":"https:\/\/www.allsences.com\/en\/wp-json\/wp\/v2\/media\/10933"}],"wp:attachment":[{"href":"https:\/\/www.allsences.com\/en\/wp-json\/wp\/v2\/media?parent=10927"}],"wp:term":[{"taxonomy":"product_brand","embeddable":true,"href":"https:\/\/www.allsences.com\/en\/wp-json\/wp\/v2\/product_brand?post=10927"},{"taxonomy":"product_cat","embeddable":true,"href":"https:\/\/www.allsences.com\/en\/wp-json\/wp\/v2\/product_cat?post=10927"},{"taxonomy":"product_tag","embeddable":true,"href":"https:\/\/www.allsences.com\/en\/wp-json\/wp\/v2\/product_tag?post=10927"}],"curies":[{"name":"wp","href":"https:\/\/api.w.org\/{rel}","templated":true}]}}