{"id":10936,"date":"2024-11-06T11:01:04","date_gmt":"2024-11-06T08:01:04","guid":{"rendered":"https:\/\/www.allsences.com\/?post_type=product&#038;p=10936"},"modified":"2025-02-24T14:24:30","modified_gmt":"2025-02-24T11:24:30","slug":"allsences-lucia-shiny-pants","status":"publish","type":"product","link":"https:\/\/www.allsences.com\/en\/product\/allsences-lucia-shiny-pants\/","title":{"rendered":"Allsences Lucia Shiny Pants"},"content":{"rendered":"","protected":false},"excerpt":{"rendered":"<p>Saten, metalik veya simli olmayan, ancak parlak bir kuma\u015fa sahip olan pantolonlar da olduk\u00e7a pop\u00fclerdir. Bu t\u00fcr pantolonlar, g\u00fcnl\u00fck hayatta da rahatl\u0131kla kullan\u0131labilir.<br \/>\nParlak g\u00f6r\u00fcn\u00fcme sahip uzun bol pa\u00e7a pantolon.<\/p>\n<p>%100 Pes<br \/>\nModel Boy: 1.75 Beden: 36<\/p>","protected":false},"featured_media":10939,"template":"","meta":{"_sitemap_exclude":false,"_sitemap_priority":"","_sitemap_frequency":""},"product_brand":[],"product_cat":[33],"product_tag":[],"class_list":{"0":"post-10936","1":"product","2":"type-product","3":"status-publish","4":"has-post-thumbnail","6":"product_cat-summer-wind","8":"first","9":"instock","10":"shipping-taxable","11":"purchasable","12":"product-type-variable"},"_links":{"self":[{"href":"https:\/\/www.allsences.com\/en\/wp-json\/wp\/v2\/product\/10936","targetHints":{"allow":["GET"]}}],"collection":[{"href":"https:\/\/www.allsences.com\/en\/wp-json\/wp\/v2\/product"}],"about":[{"href":"https:\/\/www.allsences.com\/en\/wp-json\/wp\/v2\/types\/product"}],"wp:featuredmedia":[{"embeddable":true,"href":"https:\/\/www.allsences.com\/en\/wp-json\/wp\/v2\/media\/10939"}],"wp:attachment":[{"href":"https:\/\/www.allsences.com\/en\/wp-json\/wp\/v2\/media?parent=10936"}],"wp:term":[{"taxonomy":"product_brand","embeddable":true,"href":"https:\/\/www.allsences.com\/en\/wp-json\/wp\/v2\/product_brand?post=10936"},{"taxonomy":"product_cat","embeddable":true,"href":"https:\/\/www.allsences.com\/en\/wp-json\/wp\/v2\/product_cat?post=10936"},{"taxonomy":"product_tag","embeddable":true,"href":"https:\/\/www.allsences.com\/en\/wp-json\/wp\/v2\/product_tag?post=10936"}],"curies":[{"name":"wp","href":"https:\/\/api.w.org\/{rel}","templated":true}]}}