{"id":10942,"date":"2024-11-06T11:04:16","date_gmt":"2024-11-06T08:04:16","guid":{"rendered":"https:\/\/www.allsences.com\/?post_type=product&#038;p=10942"},"modified":"2025-02-24T14:22:58","modified_gmt":"2025-02-24T11:22:58","slug":"allsences-lucia-gray-crop","status":"publish","type":"product","link":"https:\/\/www.allsences.com\/en\/product\/allsences-lucia-gray-crop\/","title":{"rendered":"Allsences Lucia Gray Crop"},"content":{"rendered":"","protected":false},"excerpt":{"rendered":"<p>Kad\u0131nlar\u0131n gard\u0131roplar\u0131na enerji ve canl\u0131l\u0131k katan \u00f6zel par\u00e7alar. Do\u011fru kombinlerle \u015f\u0131k ve dikkat \u00e7ekici bir g\u00f6r\u00fcn\u00fcm elde etmenizi sa\u011flar.<br \/>\nParlak g\u00f6r\u00fcm\u00fcne sahip, kol detaylar\u0131 bol, crop \u00fcst.<\/p>\n<p>%100 Pes<br \/>\nModel Boy: 1.75 Beden: 36<\/p>","protected":false},"featured_media":10949,"template":"","meta":{"_sitemap_exclude":false,"_sitemap_priority":"","_sitemap_frequency":""},"product_brand":[],"product_cat":[33],"product_tag":[],"class_list":{"0":"post-10942","1":"product","2":"type-product","3":"status-publish","4":"has-post-thumbnail","6":"product_cat-summer-wind","8":"first","9":"instock","10":"shipping-taxable","11":"purchasable","12":"product-type-variable"},"_links":{"self":[{"href":"https:\/\/www.allsences.com\/en\/wp-json\/wp\/v2\/product\/10942","targetHints":{"allow":["GET"]}}],"collection":[{"href":"https:\/\/www.allsences.com\/en\/wp-json\/wp\/v2\/product"}],"about":[{"href":"https:\/\/www.allsences.com\/en\/wp-json\/wp\/v2\/types\/product"}],"wp:featuredmedia":[{"embeddable":true,"href":"https:\/\/www.allsences.com\/en\/wp-json\/wp\/v2\/media\/10949"}],"wp:attachment":[{"href":"https:\/\/www.allsences.com\/en\/wp-json\/wp\/v2\/media?parent=10942"}],"wp:term":[{"taxonomy":"product_brand","embeddable":true,"href":"https:\/\/www.allsences.com\/en\/wp-json\/wp\/v2\/product_brand?post=10942"},{"taxonomy":"product_cat","embeddable":true,"href":"https:\/\/www.allsences.com\/en\/wp-json\/wp\/v2\/product_cat?post=10942"},{"taxonomy":"product_tag","embeddable":true,"href":"https:\/\/www.allsences.com\/en\/wp-json\/wp\/v2\/product_tag?post=10942"}],"curies":[{"name":"wp","href":"https:\/\/api.w.org\/{rel}","templated":true}]}}