{"id":10968,"date":"2024-11-06T11:14:52","date_gmt":"2024-11-06T08:14:52","guid":{"rendered":"https:\/\/www.allsences.com\/?post_type=product&#038;p=10968"},"modified":"2026-04-10T15:11:07","modified_gmt":"2026-04-10T12:11:07","slug":"allsences-tammy-black-dress","status":"publish","type":"product","link":"https:\/\/www.allsences.com\/en\/product\/allsences-tammy-black-dress\/","title":{"rendered":"Allsences Tammy Black Dress"},"content":{"rendered":"","protected":false},"excerpt":{"rendered":"<p>Hem g\u00fcnl\u00fck hayatta hem de \u00f6zel davetlerde rahatl\u0131kla tercih edilebilen bu elbiseler, mevsimsiz kullan\u0131mlar\u0131yla da \u00f6ne \u00e7\u0131k\u0131yor.<br \/>\nUzun omuz detayl\u0131 elbise.<\/p>\n<p>%70 Cotton %30 Pes<br \/>\nModel Boy: 1.75 Beden: 36<\/p>","protected":false},"featured_media":10979,"template":"","meta":{"_sitemap_exclude":false,"_sitemap_priority":"","_sitemap_frequency":""},"product_brand":[],"product_cat":[85],"product_tag":[],"class_list":{"0":"post-10968","1":"product","2":"type-product","3":"status-publish","4":"has-post-thumbnail","6":"product_cat-long-way","8":"first","9":"instock","10":"shipping-taxable","11":"purchasable","12":"product-type-variable"},"_links":{"self":[{"href":"https:\/\/www.allsences.com\/en\/wp-json\/wp\/v2\/product\/10968","targetHints":{"allow":["GET"]}}],"collection":[{"href":"https:\/\/www.allsences.com\/en\/wp-json\/wp\/v2\/product"}],"about":[{"href":"https:\/\/www.allsences.com\/en\/wp-json\/wp\/v2\/types\/product"}],"wp:featuredmedia":[{"embeddable":true,"href":"https:\/\/www.allsences.com\/en\/wp-json\/wp\/v2\/media\/10979"}],"wp:attachment":[{"href":"https:\/\/www.allsences.com\/en\/wp-json\/wp\/v2\/media?parent=10968"}],"wp:term":[{"taxonomy":"product_brand","embeddable":true,"href":"https:\/\/www.allsences.com\/en\/wp-json\/wp\/v2\/product_brand?post=10968"},{"taxonomy":"product_cat","embeddable":true,"href":"https:\/\/www.allsences.com\/en\/wp-json\/wp\/v2\/product_cat?post=10968"},{"taxonomy":"product_tag","embeddable":true,"href":"https:\/\/www.allsences.com\/en\/wp-json\/wp\/v2\/product_tag?post=10968"}],"curies":[{"name":"wp","href":"https:\/\/api.w.org\/{rel}","templated":true}]}}