{"id":11194,"date":"2025-03-29T12:58:53","date_gmt":"2025-03-29T09:58:53","guid":{"rendered":"https:\/\/www.allsences.com\/?post_type=product&#038;p=11194"},"modified":"2026-02-16T15:34:16","modified_gmt":"2026-02-16T12:34:16","slug":"toka-detayli-mini-elbise","status":"publish","type":"product","link":"https:\/\/www.allsences.com\/en\/product\/toka-detayli-mini-elbise\/","title":{"rendered":"Toka Detayl\u0131 Mini Elbise"},"content":{"rendered":"","protected":false},"excerpt":{"rendered":"<p>Kod: 25SS-12432-E<\/p>\n<p>Toka detayl\u0131, i\u00e7i astarl\u0131, b\u00fczg\u00fcl\u00fc kuma\u015f, mini elbise.<\/p>\n<p>Malzeme: %60 Pes %35 Viskon %5 Elastan<br \/>\nModel Height: 1.76cm, Chest: 82cm, Waist: 62cm, Hips: 89cm, Product size: 36<\/p>","protected":false},"featured_media":11198,"template":"","meta":{"_sitemap_exclude":false,"_sitemap_priority":"","_sitemap_frequency":""},"product_brand":[],"product_cat":[86],"product_tag":[],"class_list":{"0":"post-11194","1":"product","2":"type-product","3":"status-publish","4":"has-post-thumbnail","6":"product_cat-25-ss","8":"first","9":"instock","10":"shipping-taxable","11":"purchasable","12":"product-type-variable"},"_links":{"self":[{"href":"https:\/\/www.allsences.com\/en\/wp-json\/wp\/v2\/product\/11194","targetHints":{"allow":["GET"]}}],"collection":[{"href":"https:\/\/www.allsences.com\/en\/wp-json\/wp\/v2\/product"}],"about":[{"href":"https:\/\/www.allsences.com\/en\/wp-json\/wp\/v2\/types\/product"}],"wp:featuredmedia":[{"embeddable":true,"href":"https:\/\/www.allsences.com\/en\/wp-json\/wp\/v2\/media\/11198"}],"wp:attachment":[{"href":"https:\/\/www.allsences.com\/en\/wp-json\/wp\/v2\/media?parent=11194"}],"wp:term":[{"taxonomy":"product_brand","embeddable":true,"href":"https:\/\/www.allsences.com\/en\/wp-json\/wp\/v2\/product_brand?post=11194"},{"taxonomy":"product_cat","embeddable":true,"href":"https:\/\/www.allsences.com\/en\/wp-json\/wp\/v2\/product_cat?post=11194"},{"taxonomy":"product_tag","embeddable":true,"href":"https:\/\/www.allsences.com\/en\/wp-json\/wp\/v2\/product_tag?post=11194"}],"curies":[{"name":"wp","href":"https:\/\/api.w.org\/{rel}","templated":true}]}}