{"id":11228,"date":"2025-03-29T13:42:11","date_gmt":"2025-03-29T10:42:11","guid":{"rendered":"https:\/\/www.allsences.com\/?post_type=product&#038;p=11228"},"modified":"2026-02-16T15:16:55","modified_gmt":"2026-02-16T12:16:55","slug":"siyah-crocodile-ceket","status":"publish","type":"product","link":"https:\/\/www.allsences.com\/en\/product\/siyah-crocodile-ceket\/","title":{"rendered":"Siyah Crocodile Ceket"},"content":{"rendered":"","protected":false},"excerpt":{"rendered":"<p>Kod: 25SS-33241-C<\/p>\n<p>Siyah \u00f6nden ba\u011flamal\u0131, \u00e7ift cepli, koldan b\u00fczg\u00fcl\u00fc suni deri ceket.<\/p>\n<p>Material: 100% Pes<br \/>\nModel Height: 1.76cm, Chest: 82cm, Waist: 62cm, Hips: 89cm, Product size: 36<\/p>","protected":false},"featured_media":11233,"template":"","meta":{"_sitemap_exclude":false,"_sitemap_priority":"","_sitemap_frequency":""},"product_brand":[],"product_cat":[86],"product_tag":[],"class_list":{"0":"post-11228","1":"product","2":"type-product","3":"status-publish","4":"has-post-thumbnail","6":"product_cat-25-ss","8":"first","9":"instock","10":"shipping-taxable","11":"purchasable","12":"product-type-variable"},"_links":{"self":[{"href":"https:\/\/www.allsences.com\/en\/wp-json\/wp\/v2\/product\/11228","targetHints":{"allow":["GET"]}}],"collection":[{"href":"https:\/\/www.allsences.com\/en\/wp-json\/wp\/v2\/product"}],"about":[{"href":"https:\/\/www.allsences.com\/en\/wp-json\/wp\/v2\/types\/product"}],"wp:featuredmedia":[{"embeddable":true,"href":"https:\/\/www.allsences.com\/en\/wp-json\/wp\/v2\/media\/11233"}],"wp:attachment":[{"href":"https:\/\/www.allsences.com\/en\/wp-json\/wp\/v2\/media?parent=11228"}],"wp:term":[{"taxonomy":"product_brand","embeddable":true,"href":"https:\/\/www.allsences.com\/en\/wp-json\/wp\/v2\/product_brand?post=11228"},{"taxonomy":"product_cat","embeddable":true,"href":"https:\/\/www.allsences.com\/en\/wp-json\/wp\/v2\/product_cat?post=11228"},{"taxonomy":"product_tag","embeddable":true,"href":"https:\/\/www.allsences.com\/en\/wp-json\/wp\/v2\/product_tag?post=11228"}],"curies":[{"name":"wp","href":"https:\/\/api.w.org\/{rel}","templated":true}]}}