{"id":11251,"date":"2025-03-29T14:09:59","date_gmt":"2025-03-29T11:09:59","guid":{"rendered":"https:\/\/www.allsences.com\/?post_type=product&#038;p=11251"},"modified":"2026-02-16T15:05:13","modified_gmt":"2026-02-16T12:05:13","slug":"siyah-keten-crop","status":"publish","type":"product","link":"https:\/\/www.allsences.com\/en\/product\/siyah-keten-crop\/","title":{"rendered":"Siyah Keten Crop"},"content":{"rendered":"","protected":false},"excerpt":{"rendered":"<p>Kod: 25SS-34226-CR<\/p>\n<p>Siyah %100 keten, \u00f6nde aksesuar detayl\u0131, s\u0131rttan ba\u011flamal\u0131 crop.<\/p>\n<p>Malzeme: %100 Keten<br \/>\nModel Height: 1.76cm, Chest: 82cm, Waist: 62cm, Hips: 89cm, Product size: 36<\/p>","protected":false},"featured_media":11254,"template":"","meta":{"_sitemap_exclude":false,"_sitemap_priority":"","_sitemap_frequency":""},"product_brand":[],"product_cat":[86],"product_tag":[],"class_list":{"0":"post-11251","1":"product","2":"type-product","3":"status-publish","4":"has-post-thumbnail","6":"product_cat-25-ss","8":"first","9":"instock","10":"shipping-taxable","11":"purchasable","12":"product-type-variable"},"_links":{"self":[{"href":"https:\/\/www.allsences.com\/en\/wp-json\/wp\/v2\/product\/11251","targetHints":{"allow":["GET"]}}],"collection":[{"href":"https:\/\/www.allsences.com\/en\/wp-json\/wp\/v2\/product"}],"about":[{"href":"https:\/\/www.allsences.com\/en\/wp-json\/wp\/v2\/types\/product"}],"wp:featuredmedia":[{"embeddable":true,"href":"https:\/\/www.allsences.com\/en\/wp-json\/wp\/v2\/media\/11254"}],"wp:attachment":[{"href":"https:\/\/www.allsences.com\/en\/wp-json\/wp\/v2\/media?parent=11251"}],"wp:term":[{"taxonomy":"product_brand","embeddable":true,"href":"https:\/\/www.allsences.com\/en\/wp-json\/wp\/v2\/product_brand?post=11251"},{"taxonomy":"product_cat","embeddable":true,"href":"https:\/\/www.allsences.com\/en\/wp-json\/wp\/v2\/product_cat?post=11251"},{"taxonomy":"product_tag","embeddable":true,"href":"https:\/\/www.allsences.com\/en\/wp-json\/wp\/v2\/product_tag?post=11251"}],"curies":[{"name":"wp","href":"https:\/\/api.w.org\/{rel}","templated":true}]}}