{"id":11258,"date":"2025-03-29T14:15:41","date_gmt":"2025-03-29T11:15:41","guid":{"rendered":"https:\/\/www.allsences.com\/?post_type=product&#038;p=11258"},"modified":"2026-02-16T14:58:03","modified_gmt":"2026-02-16T11:58:03","slug":"siyah-desenli-takim","status":"publish","type":"product","link":"https:\/\/www.allsences.com\/en\/product\/siyah-desenli-takim\/","title":{"rendered":"Siyah Desenli Tak\u0131m"},"content":{"rendered":"","protected":false},"excerpt":{"rendered":"<p>Kod: 25SS-66542-T<\/p>\n<p>\u00d6nden ba\u011flamal\u0131, kollar lastikli, omuz vatkal\u0131, ete\u011fi lastikli tak\u0131m.<\/p>\n<p>Malzeme: %70 Pamuk %30 Pes<br \/>\nModel Height: 1.76cm, Chest: 82cm, Waist: 62cm, Hips: 89cm, Product size: 36<\/p>","protected":false},"featured_media":11262,"template":"","meta":{"_sitemap_exclude":false,"_sitemap_priority":"","_sitemap_frequency":""},"product_brand":[],"product_cat":[86],"product_tag":[],"class_list":{"0":"post-11258","1":"product","2":"type-product","3":"status-publish","4":"has-post-thumbnail","6":"product_cat-25-ss","8":"first","9":"instock","10":"shipping-taxable","11":"purchasable","12":"product-type-variable"},"_links":{"self":[{"href":"https:\/\/www.allsences.com\/en\/wp-json\/wp\/v2\/product\/11258","targetHints":{"allow":["GET"]}}],"collection":[{"href":"https:\/\/www.allsences.com\/en\/wp-json\/wp\/v2\/product"}],"about":[{"href":"https:\/\/www.allsences.com\/en\/wp-json\/wp\/v2\/types\/product"}],"wp:featuredmedia":[{"embeddable":true,"href":"https:\/\/www.allsences.com\/en\/wp-json\/wp\/v2\/media\/11262"}],"wp:attachment":[{"href":"https:\/\/www.allsences.com\/en\/wp-json\/wp\/v2\/media?parent=11258"}],"wp:term":[{"taxonomy":"product_brand","embeddable":true,"href":"https:\/\/www.allsences.com\/en\/wp-json\/wp\/v2\/product_brand?post=11258"},{"taxonomy":"product_cat","embeddable":true,"href":"https:\/\/www.allsences.com\/en\/wp-json\/wp\/v2\/product_cat?post=11258"},{"taxonomy":"product_tag","embeddable":true,"href":"https:\/\/www.allsences.com\/en\/wp-json\/wp\/v2\/product_tag?post=11258"}],"curies":[{"name":"wp","href":"https:\/\/api.w.org\/{rel}","templated":true}]}}