{"id":11344,"date":"2025-03-29T16:23:41","date_gmt":"2025-03-29T13:23:41","guid":{"rendered":"https:\/\/www.allsences.com\/?post_type=product&#038;p=11344"},"modified":"2026-02-16T14:02:52","modified_gmt":"2026-02-16T11:02:52","slug":"leopar-takim","status":"publish","type":"product","link":"https:\/\/www.allsences.com\/en\/product\/leopar-takim\/","title":{"rendered":"Leopar Tak\u0131m"},"content":{"rendered":"","protected":false},"excerpt":{"rendered":"<p>Kod: 25SS-52213-T<\/p>\n<p>\u00d6nden ba\u011flamal\u0131, kollar lastikli, omuz vatkal\u0131, ete\u011fi lastikli tak\u0131m.<\/p>\n<p>Malzeme: %100 Viskon<br \/>\nModel Height: 1.76cm, Chest: 82cm, Waist: 62cm, Hips: 89cm, Product size: 36<\/p>","protected":false},"featured_media":11349,"template":"","meta":{"_sitemap_exclude":false,"_sitemap_priority":"","_sitemap_frequency":""},"product_brand":[],"product_cat":[86],"product_tag":[],"class_list":{"0":"post-11344","1":"product","2":"type-product","3":"status-publish","4":"has-post-thumbnail","6":"product_cat-25-ss","8":"first","9":"instock","10":"shipping-taxable","11":"purchasable","12":"product-type-variable"},"_links":{"self":[{"href":"https:\/\/www.allsences.com\/en\/wp-json\/wp\/v2\/product\/11344","targetHints":{"allow":["GET"]}}],"collection":[{"href":"https:\/\/www.allsences.com\/en\/wp-json\/wp\/v2\/product"}],"about":[{"href":"https:\/\/www.allsences.com\/en\/wp-json\/wp\/v2\/types\/product"}],"wp:featuredmedia":[{"embeddable":true,"href":"https:\/\/www.allsences.com\/en\/wp-json\/wp\/v2\/media\/11349"}],"wp:attachment":[{"href":"https:\/\/www.allsences.com\/en\/wp-json\/wp\/v2\/media?parent=11344"}],"wp:term":[{"taxonomy":"product_brand","embeddable":true,"href":"https:\/\/www.allsences.com\/en\/wp-json\/wp\/v2\/product_brand?post=11344"},{"taxonomy":"product_cat","embeddable":true,"href":"https:\/\/www.allsences.com\/en\/wp-json\/wp\/v2\/product_cat?post=11344"},{"taxonomy":"product_tag","embeddable":true,"href":"https:\/\/www.allsences.com\/en\/wp-json\/wp\/v2\/product_tag?post=11344"}],"curies":[{"name":"wp","href":"https:\/\/api.w.org\/{rel}","templated":true}]}}