{"id":11391,"date":"2025-03-29T18:50:02","date_gmt":"2025-03-29T15:50:02","guid":{"rendered":"https:\/\/www.allsences.com\/?post_type=product&#038;p=11391"},"modified":"2026-02-16T13:48:49","modified_gmt":"2026-02-16T10:48:49","slug":"pembe-elbise","status":"publish","type":"product","link":"https:\/\/www.allsences.com\/en\/product\/pembe-elbise\/","title":{"rendered":"Pembe Elbise"},"content":{"rendered":"","protected":false},"excerpt":{"rendered":"<p>Kod: 25SS-11456-E <\/p>\n<p>%100 Keten \u00f6nden ba\u011flamal\u0131, kollar lastikli ve ba\u011flamal\u0131 elbise.<\/p>\n<p>Malzeme: %100 Keten<br \/>\nModel Height: 1.76cm, Chest: 82cm, Waist: 62cm, Hips: 89cm, Product size: 36<\/p>","protected":false},"featured_media":11395,"template":"","meta":{"_sitemap_exclude":false,"_sitemap_priority":"","_sitemap_frequency":""},"product_brand":[],"product_cat":[86],"product_tag":[],"class_list":{"0":"post-11391","1":"product","2":"type-product","3":"status-publish","4":"has-post-thumbnail","6":"product_cat-25-ss","8":"first","9":"instock","10":"shipping-taxable","11":"purchasable","12":"product-type-variable"},"_links":{"self":[{"href":"https:\/\/www.allsences.com\/en\/wp-json\/wp\/v2\/product\/11391","targetHints":{"allow":["GET"]}}],"collection":[{"href":"https:\/\/www.allsences.com\/en\/wp-json\/wp\/v2\/product"}],"about":[{"href":"https:\/\/www.allsences.com\/en\/wp-json\/wp\/v2\/types\/product"}],"wp:featuredmedia":[{"embeddable":true,"href":"https:\/\/www.allsences.com\/en\/wp-json\/wp\/v2\/media\/11395"}],"wp:attachment":[{"href":"https:\/\/www.allsences.com\/en\/wp-json\/wp\/v2\/media?parent=11391"}],"wp:term":[{"taxonomy":"product_brand","embeddable":true,"href":"https:\/\/www.allsences.com\/en\/wp-json\/wp\/v2\/product_brand?post=11391"},{"taxonomy":"product_cat","embeddable":true,"href":"https:\/\/www.allsences.com\/en\/wp-json\/wp\/v2\/product_cat?post=11391"},{"taxonomy":"product_tag","embeddable":true,"href":"https:\/\/www.allsences.com\/en\/wp-json\/wp\/v2\/product_tag?post=11391"}],"curies":[{"name":"wp","href":"https:\/\/api.w.org\/{rel}","templated":true}]}}