{"id":11628,"date":"2025-05-09T12:07:54","date_gmt":"2025-05-09T09:07:54","guid":{"rendered":"https:\/\/www.allsences.com\/?post_type=product&#038;p=11628"},"modified":"2026-02-16T10:06:28","modified_gmt":"2026-02-16T07:06:28","slug":"allsences-joanna-black-beachwear","status":"publish","type":"product","link":"https:\/\/www.allsences.com\/en\/product\/allsences-joanna-black-beachwear\/","title":{"rendered":"Allsences Joanna Black Beachwear"},"content":{"rendered":"","protected":false},"excerpt":{"rendered":"<p>The bone buckle combined with the noble stance of black reveals modern silhouettes.<br \/>\nG\u00f6\u011f\u00fcs k\u0131sm\u0131 toka detayl\u0131 pareo.<\/p>\n<p>%100 Pes<br \/>\nModel Height: 1.72 Size: 36<\/p>","protected":false},"featured_media":11632,"template":"","meta":{"_sitemap_exclude":false,"_sitemap_priority":"","_sitemap_frequency":""},"product_brand":[],"product_cat":[86],"product_tag":[],"class_list":{"0":"post-11628","1":"product","2":"type-product","3":"status-publish","4":"has-post-thumbnail","6":"product_cat-25-ss","8":"first","9":"instock","10":"shipping-taxable","11":"purchasable","12":"product-type-variable"},"_links":{"self":[{"href":"https:\/\/www.allsences.com\/en\/wp-json\/wp\/v2\/product\/11628","targetHints":{"allow":["GET"]}}],"collection":[{"href":"https:\/\/www.allsences.com\/en\/wp-json\/wp\/v2\/product"}],"about":[{"href":"https:\/\/www.allsences.com\/en\/wp-json\/wp\/v2\/types\/product"}],"wp:featuredmedia":[{"embeddable":true,"href":"https:\/\/www.allsences.com\/en\/wp-json\/wp\/v2\/media\/11632"}],"wp:attachment":[{"href":"https:\/\/www.allsences.com\/en\/wp-json\/wp\/v2\/media?parent=11628"}],"wp:term":[{"taxonomy":"product_brand","embeddable":true,"href":"https:\/\/www.allsences.com\/en\/wp-json\/wp\/v2\/product_brand?post=11628"},{"taxonomy":"product_cat","embeddable":true,"href":"https:\/\/www.allsences.com\/en\/wp-json\/wp\/v2\/product_cat?post=11628"},{"taxonomy":"product_tag","embeddable":true,"href":"https:\/\/www.allsences.com\/en\/wp-json\/wp\/v2\/product_tag?post=11628"}],"curies":[{"name":"wp","href":"https:\/\/api.w.org\/{rel}","templated":true}]}}