{"id":42,"date":"2017-06-14T08:07:28","date_gmt":"2017-06-14T05:07:28","guid":{"rendered":"http:\/\/dummy.xtemos.com\/woodmart\/?post_type=product&#038;p=42"},"modified":"2023-04-18T15:37:40","modified_gmt":"2023-04-18T12:37:40","slug":"luis-suit","status":"publish","type":"product","link":"https:\/\/www.allsences.com\/en\/product\/luis-suit\/","title":{"rendered":"Luis Suit"},"content":{"rendered":"","protected":false},"excerpt":{"rendered":"<p>2\u2019li Tak\u0131m<br \/>\nOmuz \u0130nce Bluzan Vatkal\u0131<br \/>\n\u00d6n ve Arka Ba\u011flama Detay\u0131<br \/>\nGode Detayl\u0131<br \/>\nBeli Lastikli \u015eort Etek No Size<br \/>\n%50 Cotton %50 Pes<br \/>\nModel Boy: 180 cm Beden: 36<\/p>","protected":false},"featured_media":7167,"template":"","meta":{"_sitemap_exclude":false,"_sitemap_priority":"","_sitemap_frequency":""},"product_brand":[],"product_cat":[33],"product_tag":[],"class_list":{"0":"post-42","1":"product","2":"type-product","3":"status-publish","4":"has-post-thumbnail","6":"product_cat-summer-wind","8":"first","9":"outofstock","10":"shipping-taxable","11":"purchasable","12":"product-type-variable"},"_links":{"self":[{"href":"https:\/\/www.allsences.com\/en\/wp-json\/wp\/v2\/product\/42","targetHints":{"allow":["GET"]}}],"collection":[{"href":"https:\/\/www.allsences.com\/en\/wp-json\/wp\/v2\/product"}],"about":[{"href":"https:\/\/www.allsences.com\/en\/wp-json\/wp\/v2\/types\/product"}],"wp:featuredmedia":[{"embeddable":true,"href":"https:\/\/www.allsences.com\/en\/wp-json\/wp\/v2\/media\/7167"}],"wp:attachment":[{"href":"https:\/\/www.allsences.com\/en\/wp-json\/wp\/v2\/media?parent=42"}],"wp:term":[{"taxonomy":"product_brand","embeddable":true,"href":"https:\/\/www.allsences.com\/en\/wp-json\/wp\/v2\/product_brand?post=42"},{"taxonomy":"product_cat","embeddable":true,"href":"https:\/\/www.allsences.com\/en\/wp-json\/wp\/v2\/product_cat?post=42"},{"taxonomy":"product_tag","embeddable":true,"href":"https:\/\/www.allsences.com\/en\/wp-json\/wp\/v2\/product_tag?post=42"}],"curies":[{"name":"wp","href":"https:\/\/api.w.org\/{rel}","templated":true}]}}