{"id":45,"date":"2017-06-14T08:22:56","date_gmt":"2017-06-14T05:22:56","guid":{"rendered":"http:\/\/dummy.xtemos.com\/woodmart\/?post_type=product&#038;p=45"},"modified":"2023-01-09T14:40:57","modified_gmt":"2023-01-09T11:40:57","slug":"louren-suit","status":"publish","type":"product","link":"https:\/\/www.allsences.com\/en\/product\/louren-suit\/","title":{"rendered":"Louren Suit"},"content":{"rendered":"","protected":false},"excerpt":{"rendered":"<p>2\u2019li Tak\u0131m<br \/>\nB\u00fcstiyer Arkas\u0131 Fermuarl\u0131<br \/>\nKol A\u011fz\u0131 1 cm Lastik<br \/>\nPantolon Bel 5 Cm Lastikli<br \/>\n%50 Cotton %50 Pes<br \/>\nPantolon No Size<br \/>\nModel Boy: 180 cm Beden: 36<\/p>","protected":false},"featured_media":7163,"template":"","meta":{"_sitemap_exclude":false,"_sitemap_priority":"","_sitemap_frequency":""},"product_brand":[],"product_cat":[33],"product_tag":[],"class_list":{"0":"post-45","1":"product","2":"type-product","3":"status-publish","4":"has-post-thumbnail","6":"product_cat-summer-wind","8":"first","9":"outofstock","10":"shipping-taxable","11":"purchasable","12":"product-type-variable"},"_links":{"self":[{"href":"https:\/\/www.allsences.com\/en\/wp-json\/wp\/v2\/product\/45","targetHints":{"allow":["GET"]}}],"collection":[{"href":"https:\/\/www.allsences.com\/en\/wp-json\/wp\/v2\/product"}],"about":[{"href":"https:\/\/www.allsences.com\/en\/wp-json\/wp\/v2\/types\/product"}],"wp:featuredmedia":[{"embeddable":true,"href":"https:\/\/www.allsences.com\/en\/wp-json\/wp\/v2\/media\/7163"}],"wp:attachment":[{"href":"https:\/\/www.allsences.com\/en\/wp-json\/wp\/v2\/media?parent=45"}],"wp:term":[{"taxonomy":"product_brand","embeddable":true,"href":"https:\/\/www.allsences.com\/en\/wp-json\/wp\/v2\/product_brand?post=45"},{"taxonomy":"product_cat","embeddable":true,"href":"https:\/\/www.allsences.com\/en\/wp-json\/wp\/v2\/product_cat?post=45"},{"taxonomy":"product_tag","embeddable":true,"href":"https:\/\/www.allsences.com\/en\/wp-json\/wp\/v2\/product_tag?post=45"}],"curies":[{"name":"wp","href":"https:\/\/api.w.org\/{rel}","templated":true}]}}