{"id":53,"date":"2017-06-14T09:00:42","date_gmt":"2017-06-14T06:00:42","guid":{"rendered":"http:\/\/dummy.xtemos.com\/woodmart\/?post_type=product&#038;p=53"},"modified":"2025-05-12T14:46:52","modified_gmt":"2025-05-12T11:46:52","slug":"ilona-dress","status":"publish","type":"product","link":"https:\/\/www.allsences.com\/en\/product\/ilona-dress\/","title":{"rendered":"Ilona Dress"},"content":{"rendered":"","protected":false},"excerpt":{"rendered":"<p><strong>Teslim S\u00fcresi 7-10 G\u00fcn Aras\u0131ndad\u0131r.<br \/>\nBu \u00fcr\u00fcn sipari\u015f \u00fczerine yap\u0131ld\u0131\u011f\u0131 i\u00e7in iade yap\u0131lamamaktad\u0131r.<\/strong><br \/>\nFisto Kuma\u015f Elbise, Grogren \u00c7apraz Ba\u011flamal\u0131<br \/>\nKomple Astarl\u0131, Ete\u011fi T\u00fcl Katl\u0131<br \/>\nS\u0131rt\u0131 Fermuarl\u0131<br \/>\nElbise Boy 85 cm<br \/>\n%100 Cotton<br \/>\nModel Boy: 180 cm Beden: 36<\/p>","protected":false},"featured_media":7897,"template":"","meta":{"_sitemap_exclude":false,"_sitemap_priority":"","_sitemap_frequency":""},"product_brand":[],"product_cat":[86],"product_tag":[],"class_list":{"0":"post-53","1":"product","2":"type-product","3":"status-publish","4":"has-post-thumbnail","6":"product_cat-25-ss","8":"first","9":"instock","10":"shipping-taxable","11":"purchasable","12":"product-type-variable"},"_links":{"self":[{"href":"https:\/\/www.allsences.com\/en\/wp-json\/wp\/v2\/product\/53","targetHints":{"allow":["GET"]}}],"collection":[{"href":"https:\/\/www.allsences.com\/en\/wp-json\/wp\/v2\/product"}],"about":[{"href":"https:\/\/www.allsences.com\/en\/wp-json\/wp\/v2\/types\/product"}],"wp:featuredmedia":[{"embeddable":true,"href":"https:\/\/www.allsences.com\/en\/wp-json\/wp\/v2\/media\/7897"}],"wp:attachment":[{"href":"https:\/\/www.allsences.com\/en\/wp-json\/wp\/v2\/media?parent=53"}],"wp:term":[{"taxonomy":"product_brand","embeddable":true,"href":"https:\/\/www.allsences.com\/en\/wp-json\/wp\/v2\/product_brand?post=53"},{"taxonomy":"product_cat","embeddable":true,"href":"https:\/\/www.allsences.com\/en\/wp-json\/wp\/v2\/product_cat?post=53"},{"taxonomy":"product_tag","embeddable":true,"href":"https:\/\/www.allsences.com\/en\/wp-json\/wp\/v2\/product_tag?post=53"}],"curies":[{"name":"wp","href":"https:\/\/api.w.org\/{rel}","templated":true}]}}