{"id":7184,"date":"2022-04-01T12:55:05","date_gmt":"2022-04-01T09:55:05","guid":{"rendered":"https:\/\/www.allsences.com\/?post_type=product&#038;p=7184"},"modified":"2025-05-12T14:51:33","modified_gmt":"2025-05-12T11:51:33","slug":"allsences-crop-black","status":"publish","type":"product","link":"https:\/\/www.allsences.com\/en\/product\/allsences-crop-black\/","title":{"rendered":"Allsences Crop Black"},"content":{"rendered":"","protected":false},"excerpt":{"rendered":"<p>F\u0131rf\u0131rl\u0131 Crop<br \/>\nFisto Kuma\u015f<br \/>\nOmuzdan Lastikli<br \/>\n\u0130\u00e7 Astar\u0131 Gipe Crop<br \/>\n%100 Cotton<br \/>\nModel Boy: 180 cm Beden: 36<\/p>","protected":false},"featured_media":7188,"template":"","meta":{"_sitemap_exclude":false,"_sitemap_priority":"","_sitemap_frequency":""},"product_brand":[],"product_cat":[80],"product_tag":[],"class_list":{"0":"post-7184","1":"product","2":"type-product","3":"status-publish","4":"has-post-thumbnail","6":"product_cat-rainbow","8":"first","9":"instock","10":"shipping-taxable","11":"purchasable","12":"product-type-variable"},"_links":{"self":[{"href":"https:\/\/www.allsences.com\/en\/wp-json\/wp\/v2\/product\/7184","targetHints":{"allow":["GET"]}}],"collection":[{"href":"https:\/\/www.allsences.com\/en\/wp-json\/wp\/v2\/product"}],"about":[{"href":"https:\/\/www.allsences.com\/en\/wp-json\/wp\/v2\/types\/product"}],"wp:featuredmedia":[{"embeddable":true,"href":"https:\/\/www.allsences.com\/en\/wp-json\/wp\/v2\/media\/7188"}],"wp:attachment":[{"href":"https:\/\/www.allsences.com\/en\/wp-json\/wp\/v2\/media?parent=7184"}],"wp:term":[{"taxonomy":"product_brand","embeddable":true,"href":"https:\/\/www.allsences.com\/en\/wp-json\/wp\/v2\/product_brand?post=7184"},{"taxonomy":"product_cat","embeddable":true,"href":"https:\/\/www.allsences.com\/en\/wp-json\/wp\/v2\/product_cat?post=7184"},{"taxonomy":"product_tag","embeddable":true,"href":"https:\/\/www.allsences.com\/en\/wp-json\/wp\/v2\/product_tag?post=7184"}],"curies":[{"name":"wp","href":"https:\/\/api.w.org\/{rel}","templated":true}]}}