{"id":7210,"date":"2022-04-01T13:06:17","date_gmt":"2022-04-01T10:06:17","guid":{"rendered":"https:\/\/www.allsences.com\/?post_type=product&#038;p=7210"},"modified":"2023-04-18T15:19:07","modified_gmt":"2023-04-18T12:19:07","slug":"sasha-dress","status":"publish","type":"product","link":"https:\/\/www.allsences.com\/en\/product\/sasha-dress\/","title":{"rendered":"Sasha Dress"},"content":{"rendered":"","protected":false},"excerpt":{"rendered":"<p>\u00d6nden Ba\u011flamal\u0131 Elbise<br \/>\nKol A\u011fz\u0131 Pipeli<br \/>\nS\u0131rt\u0131 Fermuarl\u0131<br \/>\nTasar\u0131m Detay\u0131<br \/>\n%100 Cotton<br \/>\nModel Boy: 180 cm Beden: 36<\/p>","protected":false},"featured_media":7214,"template":"","meta":{"_sitemap_exclude":false,"_sitemap_priority":"","_sitemap_frequency":""},"product_brand":[],"product_cat":[33],"product_tag":[],"class_list":{"0":"post-7210","1":"product","2":"type-product","3":"status-publish","4":"has-post-thumbnail","6":"product_cat-summer-wind","8":"first","9":"outofstock","10":"shipping-taxable","11":"purchasable","12":"product-type-variable"},"_links":{"self":[{"href":"https:\/\/www.allsences.com\/en\/wp-json\/wp\/v2\/product\/7210","targetHints":{"allow":["GET"]}}],"collection":[{"href":"https:\/\/www.allsences.com\/en\/wp-json\/wp\/v2\/product"}],"about":[{"href":"https:\/\/www.allsences.com\/en\/wp-json\/wp\/v2\/types\/product"}],"wp:featuredmedia":[{"embeddable":true,"href":"https:\/\/www.allsences.com\/en\/wp-json\/wp\/v2\/media\/7214"}],"wp:attachment":[{"href":"https:\/\/www.allsences.com\/en\/wp-json\/wp\/v2\/media?parent=7210"}],"wp:term":[{"taxonomy":"product_brand","embeddable":true,"href":"https:\/\/www.allsences.com\/en\/wp-json\/wp\/v2\/product_brand?post=7210"},{"taxonomy":"product_cat","embeddable":true,"href":"https:\/\/www.allsences.com\/en\/wp-json\/wp\/v2\/product_cat?post=7210"},{"taxonomy":"product_tag","embeddable":true,"href":"https:\/\/www.allsences.com\/en\/wp-json\/wp\/v2\/product_tag?post=7210"}],"curies":[{"name":"wp","href":"https:\/\/api.w.org\/{rel}","templated":true}]}}