{"id":7223,"date":"2022-04-01T13:11:17","date_gmt":"2022-04-01T10:11:17","guid":{"rendered":"https:\/\/www.allsences.com\/?post_type=product&#038;p=7223"},"modified":"2025-08-29T22:45:59","modified_gmt":"2025-08-29T19:45:59","slug":"zigzag-suit","status":"publish","type":"product","link":"https:\/\/www.allsences.com\/en\/product\/zigzag-suit\/","title":{"rendered":"Zigzag Suit"},"content":{"rendered":"","protected":false},"excerpt":{"rendered":"<p>Triko G\u00f6r\u00fcn\u00fcml\u00fc Tak\u0131m, Zikzak Kuma\u015f<br \/>\nBeli 5 cm Lastikli (Bone Dahil De\u011fildir)<br \/>\nBluzan Vatkal\u0131 \u00dcst, S\u0131rt Detay\u0131<br \/>\n%100 Pes<br \/>\nModel Boy: 180 cm Beden: 36<\/p>","protected":false},"featured_media":7228,"template":"","meta":{"_sitemap_exclude":false,"_sitemap_priority":"","_sitemap_frequency":""},"product_brand":[],"product_cat":[86],"product_tag":[],"class_list":{"0":"post-7223","1":"product","2":"type-product","3":"status-publish","4":"has-post-thumbnail","6":"product_cat-25-ss","8":"first","9":"instock","10":"shipping-taxable","11":"purchasable","12":"product-type-variable"},"_links":{"self":[{"href":"https:\/\/www.allsences.com\/en\/wp-json\/wp\/v2\/product\/7223","targetHints":{"allow":["GET"]}}],"collection":[{"href":"https:\/\/www.allsences.com\/en\/wp-json\/wp\/v2\/product"}],"about":[{"href":"https:\/\/www.allsences.com\/en\/wp-json\/wp\/v2\/types\/product"}],"wp:featuredmedia":[{"embeddable":true,"href":"https:\/\/www.allsences.com\/en\/wp-json\/wp\/v2\/media\/7228"}],"wp:attachment":[{"href":"https:\/\/www.allsences.com\/en\/wp-json\/wp\/v2\/media?parent=7223"}],"wp:term":[{"taxonomy":"product_brand","embeddable":true,"href":"https:\/\/www.allsences.com\/en\/wp-json\/wp\/v2\/product_brand?post=7223"},{"taxonomy":"product_cat","embeddable":true,"href":"https:\/\/www.allsences.com\/en\/wp-json\/wp\/v2\/product_cat?post=7223"},{"taxonomy":"product_tag","embeddable":true,"href":"https:\/\/www.allsences.com\/en\/wp-json\/wp\/v2\/product_tag?post=7223"}],"curies":[{"name":"wp","href":"https:\/\/api.w.org\/{rel}","templated":true}]}}