{"id":7651,"date":"2022-05-14T13:30:40","date_gmt":"2022-05-14T10:30:40","guid":{"rendered":"https:\/\/www.allsences.com\/?post_type=product&#038;p=7651"},"modified":"2023-04-18T15:16:02","modified_gmt":"2023-04-18T12:16:02","slug":"flowers-beige-dress","status":"publish","type":"product","link":"https:\/\/www.allsences.com\/en\/product\/flowers-beige-dress\/","title":{"rendered":"Flowers Beige Dress"},"content":{"rendered":"","protected":false},"excerpt":{"rendered":"<p>B\u00fczg\u00fc Volanl\u0131 Elbise<br \/>\nG\u00f6\u011f\u00fcs 75 Beden<br \/>\nKollar 0,5 Lastik<br \/>\n%100 Viskon<br \/>\nModel Boy: 176 cm Beden: 36<\/p>\n<p>&nbsp;<\/p>","protected":false},"featured_media":7659,"template":"","meta":{"_sitemap_exclude":false,"_sitemap_priority":"","_sitemap_frequency":""},"product_brand":[],"product_cat":[33],"product_tag":[],"class_list":{"0":"post-7651","1":"product","2":"type-product","3":"status-publish","4":"has-post-thumbnail","6":"product_cat-summer-wind","8":"first","9":"outofstock","10":"shipping-taxable","11":"purchasable","12":"product-type-variable"},"_links":{"self":[{"href":"https:\/\/www.allsences.com\/en\/wp-json\/wp\/v2\/product\/7651","targetHints":{"allow":["GET"]}}],"collection":[{"href":"https:\/\/www.allsences.com\/en\/wp-json\/wp\/v2\/product"}],"about":[{"href":"https:\/\/www.allsences.com\/en\/wp-json\/wp\/v2\/types\/product"}],"wp:featuredmedia":[{"embeddable":true,"href":"https:\/\/www.allsences.com\/en\/wp-json\/wp\/v2\/media\/7659"}],"wp:attachment":[{"href":"https:\/\/www.allsences.com\/en\/wp-json\/wp\/v2\/media?parent=7651"}],"wp:term":[{"taxonomy":"product_brand","embeddable":true,"href":"https:\/\/www.allsences.com\/en\/wp-json\/wp\/v2\/product_brand?post=7651"},{"taxonomy":"product_cat","embeddable":true,"href":"https:\/\/www.allsences.com\/en\/wp-json\/wp\/v2\/product_cat?post=7651"},{"taxonomy":"product_tag","embeddable":true,"href":"https:\/\/www.allsences.com\/en\/wp-json\/wp\/v2\/product_tag?post=7651"}],"curies":[{"name":"wp","href":"https:\/\/api.w.org\/{rel}","templated":true}]}}