{"id":7664,"date":"2022-05-14T13:53:15","date_gmt":"2022-05-14T10:53:15","guid":{"rendered":"https:\/\/www.allsences.com\/?post_type=product&#038;p=7664"},"modified":"2026-04-10T10:33:20","modified_gmt":"2026-04-10T07:33:20","slug":"joanna-beachwear","status":"publish","type":"product","link":"https:\/\/www.allsences.com\/en\/product\/joanna-beachwear\/","title":{"rendered":"Joanna Beachwear"},"content":{"rendered":"","protected":false},"excerpt":{"rendered":"<p>G\u00f6\u011f\u00fcs Ortas\u0131 Kemik Tokal\u0131 Pareo<br \/>\nEvaze Kesim<br \/>\n%100 Pes<br \/>\nModel Boy: 176 cm Beden: 36<\/p>","protected":false},"featured_media":7667,"template":"","meta":{"_sitemap_exclude":false,"_sitemap_priority":"","_sitemap_frequency":""},"product_brand":[],"product_cat":[33],"product_tag":[],"class_list":{"0":"post-7664","1":"product","2":"type-product","3":"status-publish","4":"has-post-thumbnail","6":"product_cat-summer-wind","8":"first","9":"outofstock","10":"shipping-taxable","11":"purchasable","12":"product-type-variable"},"_links":{"self":[{"href":"https:\/\/www.allsences.com\/en\/wp-json\/wp\/v2\/product\/7664","targetHints":{"allow":["GET"]}}],"collection":[{"href":"https:\/\/www.allsences.com\/en\/wp-json\/wp\/v2\/product"}],"about":[{"href":"https:\/\/www.allsences.com\/en\/wp-json\/wp\/v2\/types\/product"}],"wp:featuredmedia":[{"embeddable":true,"href":"https:\/\/www.allsences.com\/en\/wp-json\/wp\/v2\/media\/7667"}],"wp:attachment":[{"href":"https:\/\/www.allsences.com\/en\/wp-json\/wp\/v2\/media?parent=7664"}],"wp:term":[{"taxonomy":"product_brand","embeddable":true,"href":"https:\/\/www.allsences.com\/en\/wp-json\/wp\/v2\/product_brand?post=7664"},{"taxonomy":"product_cat","embeddable":true,"href":"https:\/\/www.allsences.com\/en\/wp-json\/wp\/v2\/product_cat?post=7664"},{"taxonomy":"product_tag","embeddable":true,"href":"https:\/\/www.allsences.com\/en\/wp-json\/wp\/v2\/product_tag?post=7664"}],"curies":[{"name":"wp","href":"https:\/\/api.w.org\/{rel}","templated":true}]}}