{"id":7694,"date":"2022-05-27T10:59:28","date_gmt":"2022-05-27T07:59:28","guid":{"rendered":"https:\/\/www.allsences.com\/?post_type=product&#038;p=7694"},"modified":"2025-07-07T16:28:49","modified_gmt":"2025-07-07T13:28:49","slug":"bodrium-dress","status":"publish","type":"product","link":"https:\/\/www.allsences.com\/en\/product\/bodrium-dress\/","title":{"rendered":"Bodrium Dress"},"content":{"rendered":"","protected":false},"excerpt":{"rendered":"<p>Kemik Tokal\u0131 Elbise, Vual Astarl\u0131,<br \/>\nMaroken Kuma\u015f, S\u0131rt Ba\u011flamal\u0131 Detayl\u0131<br \/>\nArka Beli Lastikli<br \/>\n%70 Cotton %30 Pes<br \/>\nModel Height: 177 cm Size: 36<\/p>","protected":false},"featured_media":7698,"template":"","meta":{"_sitemap_exclude":false,"_sitemap_priority":"","_sitemap_frequency":""},"product_brand":[],"product_cat":[86],"product_tag":[],"class_list":{"0":"post-7694","1":"product","2":"type-product","3":"status-publish","4":"has-post-thumbnail","6":"product_cat-25-ss","8":"first","9":"outofstock","10":"shipping-taxable","11":"purchasable","12":"product-type-variable"},"_links":{"self":[{"href":"https:\/\/www.allsences.com\/en\/wp-json\/wp\/v2\/product\/7694","targetHints":{"allow":["GET"]}}],"collection":[{"href":"https:\/\/www.allsences.com\/en\/wp-json\/wp\/v2\/product"}],"about":[{"href":"https:\/\/www.allsences.com\/en\/wp-json\/wp\/v2\/types\/product"}],"wp:featuredmedia":[{"embeddable":true,"href":"https:\/\/www.allsences.com\/en\/wp-json\/wp\/v2\/media\/7698"}],"wp:attachment":[{"href":"https:\/\/www.allsences.com\/en\/wp-json\/wp\/v2\/media?parent=7694"}],"wp:term":[{"taxonomy":"product_brand","embeddable":true,"href":"https:\/\/www.allsences.com\/en\/wp-json\/wp\/v2\/product_brand?post=7694"},{"taxonomy":"product_cat","embeddable":true,"href":"https:\/\/www.allsences.com\/en\/wp-json\/wp\/v2\/product_cat?post=7694"},{"taxonomy":"product_tag","embeddable":true,"href":"https:\/\/www.allsences.com\/en\/wp-json\/wp\/v2\/product_tag?post=7694"}],"curies":[{"name":"wp","href":"https:\/\/api.w.org\/{rel}","templated":true}]}}