{"id":7714,"date":"2022-06-02T15:44:04","date_gmt":"2022-06-02T12:44:04","guid":{"rendered":"https:\/\/www.allsences.com\/?post_type=product&#038;p=7714"},"modified":"2025-01-23T15:25:00","modified_gmt":"2025-01-23T12:25:00","slug":"emanuel-beachwear","status":"publish","type":"product","link":"https:\/\/www.allsences.com\/en\/product\/emanuel-beachwear\/","title":{"rendered":"Emanuel Beachwear"},"content":{"rendered":"","protected":false},"excerpt":{"rendered":"<p>Triko G\u00f6r\u00fcn\u00fcml\u00fc Pareo<br \/>\nZikzak Kuma\u015f<br \/>\nBeli A\u00e7\u0131k Detayl\u0131, \u00c7ift Y\u0131rtma\u00e7l\u0131<br \/>\n(Bant Dahil De\u011fildir)<br \/>\n%100 Pes<br \/>\nModel Boy: 176 cm Beden: 36<\/p>","protected":false},"featured_media":7717,"template":"","meta":{"_sitemap_exclude":false,"_sitemap_priority":"","_sitemap_frequency":""},"product_brand":[],"product_cat":[33],"product_tag":[],"class_list":{"0":"post-7714","1":"product","2":"type-product","3":"status-publish","4":"has-post-thumbnail","6":"product_cat-summer-wind","8":"first","9":"outofstock","10":"shipping-taxable","11":"purchasable","12":"product-type-variable"},"_links":{"self":[{"href":"https:\/\/www.allsences.com\/en\/wp-json\/wp\/v2\/product\/7714","targetHints":{"allow":["GET"]}}],"collection":[{"href":"https:\/\/www.allsences.com\/en\/wp-json\/wp\/v2\/product"}],"about":[{"href":"https:\/\/www.allsences.com\/en\/wp-json\/wp\/v2\/types\/product"}],"wp:featuredmedia":[{"embeddable":true,"href":"https:\/\/www.allsences.com\/en\/wp-json\/wp\/v2\/media\/7717"}],"wp:attachment":[{"href":"https:\/\/www.allsences.com\/en\/wp-json\/wp\/v2\/media?parent=7714"}],"wp:term":[{"taxonomy":"product_brand","embeddable":true,"href":"https:\/\/www.allsences.com\/en\/wp-json\/wp\/v2\/product_brand?post=7714"},{"taxonomy":"product_cat","embeddable":true,"href":"https:\/\/www.allsences.com\/en\/wp-json\/wp\/v2\/product_cat?post=7714"},{"taxonomy":"product_tag","embeddable":true,"href":"https:\/\/www.allsences.com\/en\/wp-json\/wp\/v2\/product_tag?post=7714"}],"curies":[{"name":"wp","href":"https:\/\/api.w.org\/{rel}","templated":true}]}}