{"id":7734,"date":"2022-06-06T12:07:02","date_gmt":"2022-06-06T09:07:02","guid":{"rendered":"https:\/\/www.allsences.com\/?post_type=product&#038;p=7734"},"modified":"2024-04-15T15:28:27","modified_gmt":"2024-04-15T12:28:27","slug":"romina-suit","status":"publish","type":"product","link":"https:\/\/www.allsences.com\/en\/product\/romina-suit\/","title":{"rendered":"Romina Suit"},"content":{"rendered":"","protected":false},"excerpt":{"rendered":"<p>Transparan Tak\u0131m, Belden Ba\u011flamal\u0131 Crop<br \/>\nS\u0131rt Detayl\u0131, \u0130spanyol Pa\u00e7a Pantolon<br \/>\nBeli 3cm Lastikli<br \/>\n(Bone Dahil De\u011fildir)<br \/>\n%100 Pes<br \/>\nModel Boy: 176 cm Beden: 36<\/p>","protected":false},"featured_media":7742,"template":"","meta":{"_sitemap_exclude":false,"_sitemap_priority":"","_sitemap_frequency":""},"product_brand":[],"product_cat":[80],"product_tag":[],"class_list":{"0":"post-7734","1":"product","2":"type-product","3":"status-publish","4":"has-post-thumbnail","6":"product_cat-rainbow","8":"first","9":"outofstock","10":"shipping-taxable","11":"purchasable","12":"product-type-variable"},"_links":{"self":[{"href":"https:\/\/www.allsences.com\/en\/wp-json\/wp\/v2\/product\/7734","targetHints":{"allow":["GET"]}}],"collection":[{"href":"https:\/\/www.allsences.com\/en\/wp-json\/wp\/v2\/product"}],"about":[{"href":"https:\/\/www.allsences.com\/en\/wp-json\/wp\/v2\/types\/product"}],"wp:featuredmedia":[{"embeddable":true,"href":"https:\/\/www.allsences.com\/en\/wp-json\/wp\/v2\/media\/7742"}],"wp:attachment":[{"href":"https:\/\/www.allsences.com\/en\/wp-json\/wp\/v2\/media?parent=7734"}],"wp:term":[{"taxonomy":"product_brand","embeddable":true,"href":"https:\/\/www.allsences.com\/en\/wp-json\/wp\/v2\/product_brand?post=7734"},{"taxonomy":"product_cat","embeddable":true,"href":"https:\/\/www.allsences.com\/en\/wp-json\/wp\/v2\/product_cat?post=7734"},{"taxonomy":"product_tag","embeddable":true,"href":"https:\/\/www.allsences.com\/en\/wp-json\/wp\/v2\/product_tag?post=7734"}],"curies":[{"name":"wp","href":"https:\/\/api.w.org\/{rel}","templated":true}]}}