{"id":7771,"date":"2022-06-10T12:50:37","date_gmt":"2022-06-10T09:50:37","guid":{"rendered":"https:\/\/www.allsences.com\/?post_type=product&#038;p=7771"},"modified":"2023-04-18T15:01:03","modified_gmt":"2023-04-18T12:01:03","slug":"jasmine-suit","status":"publish","type":"product","link":"https:\/\/www.allsences.com\/en\/product\/jasmine-suit\/","title":{"rendered":"Jasmine Suit"},"content":{"rendered":"","protected":false},"excerpt":{"rendered":"<p>\u00c7i\u00e7ek Desenli Tak\u0131m<br \/>\n\u00d6nden Ba\u011flamal\u0131 Crop<br \/>\nKolda Y\u0131rtma\u00e7 Detayl\u0131<br \/>\nPantolon Beli 5cm Lastikli<br \/>\n%100 Pes<br \/>\nModel Height: 177 cm Size: 36<\/p>","protected":false},"featured_media":7774,"template":"","meta":{"_sitemap_exclude":false,"_sitemap_priority":"","_sitemap_frequency":""},"product_brand":[],"product_cat":[33],"product_tag":[],"class_list":{"0":"post-7771","1":"product","2":"type-product","3":"status-publish","4":"has-post-thumbnail","6":"product_cat-summer-wind","8":"first","9":"outofstock","10":"shipping-taxable","11":"purchasable","12":"product-type-variable"},"_links":{"self":[{"href":"https:\/\/www.allsences.com\/en\/wp-json\/wp\/v2\/product\/7771","targetHints":{"allow":["GET"]}}],"collection":[{"href":"https:\/\/www.allsences.com\/en\/wp-json\/wp\/v2\/product"}],"about":[{"href":"https:\/\/www.allsences.com\/en\/wp-json\/wp\/v2\/types\/product"}],"wp:featuredmedia":[{"embeddable":true,"href":"https:\/\/www.allsences.com\/en\/wp-json\/wp\/v2\/media\/7774"}],"wp:attachment":[{"href":"https:\/\/www.allsences.com\/en\/wp-json\/wp\/v2\/media?parent=7771"}],"wp:term":[{"taxonomy":"product_brand","embeddable":true,"href":"https:\/\/www.allsences.com\/en\/wp-json\/wp\/v2\/product_brand?post=7771"},{"taxonomy":"product_cat","embeddable":true,"href":"https:\/\/www.allsences.com\/en\/wp-json\/wp\/v2\/product_cat?post=7771"},{"taxonomy":"product_tag","embeddable":true,"href":"https:\/\/www.allsences.com\/en\/wp-json\/wp\/v2\/product_tag?post=7771"}],"curies":[{"name":"wp","href":"https:\/\/api.w.org\/{rel}","templated":true}]}}