{"id":7827,"date":"2022-06-15T18:18:19","date_gmt":"2022-06-15T15:18:19","guid":{"rendered":"https:\/\/www.allsences.com\/?post_type=product&#038;p=7827"},"modified":"2026-02-16T13:28:31","modified_gmt":"2026-02-16T10:28:31","slug":"marcella-beachwear","status":"publish","type":"product","link":"https:\/\/www.allsences.com\/en\/product\/marcella-beachwear\/","title":{"rendered":"Marcella Beachwear"},"content":{"rendered":"","protected":false},"excerpt":{"rendered":"<p>\u0130ki Yandan Y\u0131rtma\u00e7l\u0131 Pareo<br \/>\nKol Y\u0131rtma\u00e7 Detayl\u0131<br \/>\nBelden 1cm Lastikli<br \/>\n\u00d6nden A\u00e7\u0131l\u0131r-Kapan\u0131r (\u00c7\u0131t\u00e7\u0131tl\u0131)<br \/>\n%100 Pes<br \/>\nModel Boy: 176 cm Beden: 36<\/p>","protected":false},"featured_media":7830,"template":"","meta":{"_sitemap_exclude":false,"_sitemap_priority":"","_sitemap_frequency":""},"product_brand":[],"product_cat":[86],"product_tag":[],"class_list":{"0":"post-7827","1":"product","2":"type-product","3":"status-publish","4":"has-post-thumbnail","6":"product_cat-25-ss","8":"first","9":"instock","10":"shipping-taxable","11":"purchasable","12":"product-type-variable"},"_links":{"self":[{"href":"https:\/\/www.allsences.com\/en\/wp-json\/wp\/v2\/product\/7827","targetHints":{"allow":["GET"]}}],"collection":[{"href":"https:\/\/www.allsences.com\/en\/wp-json\/wp\/v2\/product"}],"about":[{"href":"https:\/\/www.allsences.com\/en\/wp-json\/wp\/v2\/types\/product"}],"wp:featuredmedia":[{"embeddable":true,"href":"https:\/\/www.allsences.com\/en\/wp-json\/wp\/v2\/media\/7830"}],"wp:attachment":[{"href":"https:\/\/www.allsences.com\/en\/wp-json\/wp\/v2\/media?parent=7827"}],"wp:term":[{"taxonomy":"product_brand","embeddable":true,"href":"https:\/\/www.allsences.com\/en\/wp-json\/wp\/v2\/product_brand?post=7827"},{"taxonomy":"product_cat","embeddable":true,"href":"https:\/\/www.allsences.com\/en\/wp-json\/wp\/v2\/product_cat?post=7827"},{"taxonomy":"product_tag","embeddable":true,"href":"https:\/\/www.allsences.com\/en\/wp-json\/wp\/v2\/product_tag?post=7827"}],"curies":[{"name":"wp","href":"https:\/\/api.w.org\/{rel}","templated":true}]}}