{"id":7858,"date":"2022-06-18T15:40:19","date_gmt":"2022-06-18T12:40:19","guid":{"rendered":"https:\/\/www.allsences.com\/?post_type=product&#038;p=7858"},"modified":"2024-04-23T14:36:56","modified_gmt":"2024-04-23T11:36:56","slug":"celine-suit","status":"publish","type":"product","link":"https:\/\/www.allsences.com\/en\/product\/celine-suit\/","title":{"rendered":"Celine Suit"},"content":{"rendered":"","protected":false},"excerpt":{"rendered":"<p>Keten Tak\u0131m,<br \/>\nVual Astarl\u0131,<br \/>\nS\u0131rt Detay Ba\u011flamal\u0131,<br \/>\nFermuarl\u0131 Etek,<br \/>\n%100 Cotton<br \/>\nModel Height: 177 cm Size: 36<\/p>","protected":false},"featured_media":7863,"template":"","meta":{"_sitemap_exclude":false,"_sitemap_priority":"","_sitemap_frequency":""},"product_brand":[],"product_cat":[33],"product_tag":[],"class_list":{"0":"post-7858","1":"product","2":"type-product","3":"status-publish","4":"has-post-thumbnail","6":"product_cat-summer-wind","8":"first","9":"outofstock","10":"shipping-taxable","11":"purchasable","12":"product-type-variable"},"_links":{"self":[{"href":"https:\/\/www.allsences.com\/en\/wp-json\/wp\/v2\/product\/7858","targetHints":{"allow":["GET"]}}],"collection":[{"href":"https:\/\/www.allsences.com\/en\/wp-json\/wp\/v2\/product"}],"about":[{"href":"https:\/\/www.allsences.com\/en\/wp-json\/wp\/v2\/types\/product"}],"wp:featuredmedia":[{"embeddable":true,"href":"https:\/\/www.allsences.com\/en\/wp-json\/wp\/v2\/media\/7863"}],"wp:attachment":[{"href":"https:\/\/www.allsences.com\/en\/wp-json\/wp\/v2\/media?parent=7858"}],"wp:term":[{"taxonomy":"product_brand","embeddable":true,"href":"https:\/\/www.allsences.com\/en\/wp-json\/wp\/v2\/product_brand?post=7858"},{"taxonomy":"product_cat","embeddable":true,"href":"https:\/\/www.allsences.com\/en\/wp-json\/wp\/v2\/product_cat?post=7858"},{"taxonomy":"product_tag","embeddable":true,"href":"https:\/\/www.allsences.com\/en\/wp-json\/wp\/v2\/product_tag?post=7858"}],"curies":[{"name":"wp","href":"https:\/\/api.w.org\/{rel}","templated":true}]}}