{"id":7902,"date":"2022-06-23T14:40:01","date_gmt":"2022-06-23T11:40:01","guid":{"rendered":"https:\/\/www.allsences.com\/?post_type=product&#038;p=7902"},"modified":"2023-04-18T14:47:48","modified_gmt":"2023-04-18T11:47:48","slug":"alba-suit","status":"publish","type":"product","link":"https:\/\/www.allsences.com\/en\/product\/alba-suit\/","title":{"rendered":"Alba Suit"},"content":{"rendered":"","protected":false},"excerpt":{"rendered":"<p>Triko G\u00f6r\u00fcn\u00fcml\u00fc<br \/>\nBelden Ba\u011flamal\u0131 Tak\u0131m<br \/>\n%100 Pes<br \/>\nModel Boy: 176 cm Beden: 36<\/p>","protected":false},"featured_media":7906,"template":"","meta":{"_sitemap_exclude":false,"_sitemap_priority":"","_sitemap_frequency":""},"product_brand":[],"product_cat":[33],"product_tag":[],"class_list":{"0":"post-7902","1":"product","2":"type-product","3":"status-publish","4":"has-post-thumbnail","6":"product_cat-summer-wind","8":"first","9":"outofstock","10":"shipping-taxable","11":"purchasable","12":"product-type-variable"},"_links":{"self":[{"href":"https:\/\/www.allsences.com\/en\/wp-json\/wp\/v2\/product\/7902","targetHints":{"allow":["GET"]}}],"collection":[{"href":"https:\/\/www.allsences.com\/en\/wp-json\/wp\/v2\/product"}],"about":[{"href":"https:\/\/www.allsences.com\/en\/wp-json\/wp\/v2\/types\/product"}],"wp:featuredmedia":[{"embeddable":true,"href":"https:\/\/www.allsences.com\/en\/wp-json\/wp\/v2\/media\/7906"}],"wp:attachment":[{"href":"https:\/\/www.allsences.com\/en\/wp-json\/wp\/v2\/media?parent=7902"}],"wp:term":[{"taxonomy":"product_brand","embeddable":true,"href":"https:\/\/www.allsences.com\/en\/wp-json\/wp\/v2\/product_brand?post=7902"},{"taxonomy":"product_cat","embeddable":true,"href":"https:\/\/www.allsences.com\/en\/wp-json\/wp\/v2\/product_cat?post=7902"},{"taxonomy":"product_tag","embeddable":true,"href":"https:\/\/www.allsences.com\/en\/wp-json\/wp\/v2\/product_tag?post=7902"}],"curies":[{"name":"wp","href":"https:\/\/api.w.org\/{rel}","templated":true}]}}