{"id":8110,"date":"2022-07-22T11:24:38","date_gmt":"2022-07-22T08:24:38","guid":{"rendered":"https:\/\/www.allsences.com\/?post_type=product&#038;p=8110"},"modified":"2025-07-07T16:23:44","modified_gmt":"2025-07-07T13:23:44","slug":"rozalin-beachwear","status":"publish","type":"product","link":"https:\/\/www.allsences.com\/en\/product\/rozalin-beachwear\/","title":{"rendered":"Rozalin Beachwear"},"content":{"rendered":"","protected":false},"excerpt":{"rendered":"<p>G\u00f6\u011f\u00fcs Ortas\u0131 Kemik Tokal\u0131 Pareo<br \/>\nEvaze Kesim<br \/>\n%100 Pes<br \/>\nModel Boy: 172 cm Beden: 36<\/p>","protected":false},"featured_media":8113,"template":"","meta":{"_sitemap_exclude":false,"_sitemap_priority":"","_sitemap_frequency":""},"product_brand":[],"product_cat":[86],"product_tag":[],"class_list":{"0":"post-8110","1":"product","2":"type-product","3":"status-publish","4":"has-post-thumbnail","6":"product_cat-25-ss","8":"first","9":"outofstock","10":"shipping-taxable","11":"purchasable","12":"product-type-variable"},"_links":{"self":[{"href":"https:\/\/www.allsences.com\/en\/wp-json\/wp\/v2\/product\/8110","targetHints":{"allow":["GET"]}}],"collection":[{"href":"https:\/\/www.allsences.com\/en\/wp-json\/wp\/v2\/product"}],"about":[{"href":"https:\/\/www.allsences.com\/en\/wp-json\/wp\/v2\/types\/product"}],"wp:featuredmedia":[{"embeddable":true,"href":"https:\/\/www.allsences.com\/en\/wp-json\/wp\/v2\/media\/8113"}],"wp:attachment":[{"href":"https:\/\/www.allsences.com\/en\/wp-json\/wp\/v2\/media?parent=8110"}],"wp:term":[{"taxonomy":"product_brand","embeddable":true,"href":"https:\/\/www.allsences.com\/en\/wp-json\/wp\/v2\/product_brand?post=8110"},{"taxonomy":"product_cat","embeddable":true,"href":"https:\/\/www.allsences.com\/en\/wp-json\/wp\/v2\/product_cat?post=8110"},{"taxonomy":"product_tag","embeddable":true,"href":"https:\/\/www.allsences.com\/en\/wp-json\/wp\/v2\/product_tag?post=8110"}],"curies":[{"name":"wp","href":"https:\/\/api.w.org\/{rel}","templated":true}]}}