{"id":8393,"date":"2022-11-16T16:16:00","date_gmt":"2022-11-16T13:16:00","guid":{"rendered":"https:\/\/www.allsences.com\/?post_type=product&#038;p=8393"},"modified":"2024-04-23T12:52:59","modified_gmt":"2024-04-23T09:52:59","slug":"allsences-aurora-shiny-silver-pants","status":"publish","type":"product","link":"https:\/\/www.allsences.com\/en\/product\/allsences-aurora-shiny-silver-pants\/","title":{"rendered":"Allsences Aurora Shiny Silver Pants"},"content":{"rendered":"","protected":false},"excerpt":{"rendered":"<p>G\u00fcm\u00fc\u015f yans\u0131mal\u0131 pul payet kuma\u015f ile gardrobunuzun yeni trendi.<br \/>\nPantolondaki lastik detay\u0131 siz g\u00fcnl\u00fck kullan\u0131m rahatl\u0131\u011f\u0131 sa\u011flayacakt\u0131r.<br \/>\nBol pa\u00e7a, belden 5 cm lastikli, \u015fort astarl\u0131<\/p>\n<p>%100 Pes<br \/>\nModel Boy: 176 cm Beden: 36<\/p>\n<p><a title=\"Trendyol'da sat\u0131n al\" href=\"https:\/\/www.trendyol.com\/pd\/allsences\/aurora-shiny-silver-pants-p-640417240?boutiqueId=61&amp;merchantId=771583\" target=\"_blank\" rel=\"noopener\"><img loading=\"lazy\" decoding=\"async\" class=\"alignnone wp-image-8760\" src=\"https:\/\/www.allsences.com\/wp-content\/uploads\/2022\/11\/Trendyol_online.png\" alt=\"Trendyol'da sat\u0131n al\" width=\"181\" height=\"61\" srcset=\"https:\/\/www.allsences.com\/wp-content\/uploads\/2022\/11\/Trendyol_online.png 640w, https:\/\/www.allsences.com\/wp-content\/uploads\/2022\/11\/Trendyol_online-400x135.png 400w, https:\/\/www.allsences.com\/wp-content\/uploads\/2022\/11\/Trendyol_online-18x6.png 18w, https:\/\/www.allsences.com\/wp-content\/uploads\/2022\/11\/Trendyol_online-430x145.png 430w, https:\/\/www.allsences.com\/wp-content\/uploads\/2022\/11\/Trendyol_online-150x51.png 150w\" sizes=\"auto, (max-width: 181px) 100vw, 181px\" \/><\/a><\/p>","protected":false},"featured_media":8396,"template":"","meta":{"_sitemap_exclude":false,"_sitemap_priority":"","_sitemap_frequency":""},"product_brand":[],"product_cat":[77],"product_tag":[],"class_list":{"0":"post-8393","1":"product","2":"type-product","3":"status-publish","4":"has-post-thumbnail","6":"product_cat-winter-wind","8":"first","9":"instock","10":"shipping-taxable","11":"purchasable","12":"product-type-variable"},"_links":{"self":[{"href":"https:\/\/www.allsences.com\/en\/wp-json\/wp\/v2\/product\/8393","targetHints":{"allow":["GET"]}}],"collection":[{"href":"https:\/\/www.allsences.com\/en\/wp-json\/wp\/v2\/product"}],"about":[{"href":"https:\/\/www.allsences.com\/en\/wp-json\/wp\/v2\/types\/product"}],"wp:featuredmedia":[{"embeddable":true,"href":"https:\/\/www.allsences.com\/en\/wp-json\/wp\/v2\/media\/8396"}],"wp:attachment":[{"href":"https:\/\/www.allsences.com\/en\/wp-json\/wp\/v2\/media?parent=8393"}],"wp:term":[{"taxonomy":"product_brand","embeddable":true,"href":"https:\/\/www.allsences.com\/en\/wp-json\/wp\/v2\/product_brand?post=8393"},{"taxonomy":"product_cat","embeddable":true,"href":"https:\/\/www.allsences.com\/en\/wp-json\/wp\/v2\/product_cat?post=8393"},{"taxonomy":"product_tag","embeddable":true,"href":"https:\/\/www.allsences.com\/en\/wp-json\/wp\/v2\/product_tag?post=8393"}],"curies":[{"name":"wp","href":"https:\/\/api.w.org\/{rel}","templated":true}]}}