{"id":8598,"date":"2022-11-16T18:29:56","date_gmt":"2022-11-16T15:29:56","guid":{"rendered":"https:\/\/www.allsences.com\/?post_type=product&#038;p=8598"},"modified":"2025-04-08T12:00:22","modified_gmt":"2025-04-08T09:00:22","slug":"allsences-silver-top-boots","status":"publish","type":"product","link":"https:\/\/www.allsences.com\/en\/product\/allsences-silver-top-boots\/","title":{"rendered":"Allsences Silver Top Boots"},"content":{"rendered":"","protected":false},"excerpt":{"rendered":"<p>Zamans\u0131z g\u00f6r\u00fcn\u00fcm, zarif bir topuk,<br \/>\nAllsences Silver Top Boots ile tabular\u0131 y\u0131kan g\u00fcm\u00fc\u015f tasar\u0131m.<br \/>\n\u00dcr\u00fcn Boyu 50 cm, topuk boyu 10 cm<\/p>\n<p>%100 Pes<br \/>\nModel Boy: 176 cm Beden: 39<\/p>\n<p><a title=\"Trendyol'da sat\u0131n al\" href=\"https:\/\/www.trendyol.com\/pd\/allsences\/silver-top-boots-p-641103430?boutiqueId=61&amp;merchantId=771583\" target=\"_blank\" rel=\"noopener\"><img loading=\"lazy\" decoding=\"async\" class=\"alignnone wp-image-8760\" src=\"https:\/\/www.allsences.com\/wp-content\/uploads\/2022\/11\/Trendyol_online.png\" alt=\"Trendyol'da sat\u0131n al\" width=\"181\" height=\"61\" srcset=\"https:\/\/www.allsences.com\/wp-content\/uploads\/2022\/11\/Trendyol_online.png 640w, https:\/\/www.allsences.com\/wp-content\/uploads\/2022\/11\/Trendyol_online-400x135.png 400w, https:\/\/www.allsences.com\/wp-content\/uploads\/2022\/11\/Trendyol_online-18x6.png 18w, https:\/\/www.allsences.com\/wp-content\/uploads\/2022\/11\/Trendyol_online-430x145.png 430w, https:\/\/www.allsences.com\/wp-content\/uploads\/2022\/11\/Trendyol_online-150x51.png 150w\" sizes=\"auto, (max-width: 181px) 100vw, 181px\" \/><\/a><\/p>","protected":false},"featured_media":8602,"template":"","meta":{"_sitemap_exclude":false,"_sitemap_priority":"","_sitemap_frequency":""},"product_brand":[],"product_cat":[85,83],"product_tag":[],"class_list":{"0":"post-8598","1":"product","2":"type-product","3":"status-publish","4":"has-post-thumbnail","6":"product_cat-long-way","7":"product_cat-outlet","9":"first","10":"instock","11":"sale","12":"shipping-taxable","13":"purchasable","14":"product-type-variable"},"_links":{"self":[{"href":"https:\/\/www.allsences.com\/en\/wp-json\/wp\/v2\/product\/8598","targetHints":{"allow":["GET"]}}],"collection":[{"href":"https:\/\/www.allsences.com\/en\/wp-json\/wp\/v2\/product"}],"about":[{"href":"https:\/\/www.allsences.com\/en\/wp-json\/wp\/v2\/types\/product"}],"wp:featuredmedia":[{"embeddable":true,"href":"https:\/\/www.allsences.com\/en\/wp-json\/wp\/v2\/media\/8602"}],"wp:attachment":[{"href":"https:\/\/www.allsences.com\/en\/wp-json\/wp\/v2\/media?parent=8598"}],"wp:term":[{"taxonomy":"product_brand","embeddable":true,"href":"https:\/\/www.allsences.com\/en\/wp-json\/wp\/v2\/product_brand?post=8598"},{"taxonomy":"product_cat","embeddable":true,"href":"https:\/\/www.allsences.com\/en\/wp-json\/wp\/v2\/product_cat?post=8598"},{"taxonomy":"product_tag","embeddable":true,"href":"https:\/\/www.allsences.com\/en\/wp-json\/wp\/v2\/product_tag?post=8598"}],"curies":[{"name":"wp","href":"https:\/\/api.w.org\/{rel}","templated":true}]}}